{"id":33148,"date":"2020-12-21T11:46:25","date_gmt":"2020-12-21T09:46:25","guid":{"rendered":"https:\/\/martinez-perfume.com\/en\/product\/familia-de-notas-olfativas-similar-a-one-million-lucky-martinez-607\/"},"modified":"2020-12-21T11:46:25","modified_gmt":"2020-12-21T09:46:25","slug":"familia-de-notas-olfativas-similar-a-one-million-lucky-martinez-607","status":"publish","type":"product","link":"https:\/\/martinez-perfume.com\/en\/producto\/familia-de-notas-olfativas-similar-a-one-million-lucky-martinez-607\/?lang=es","title":{"rendered":"familia de notas olfativas similar a ONE MILLION LUCKY <br> Martinez 607"},"content":{"rendered":"","protected":false},"excerpt":{"rendered":"<p>La fragancia es una fragancia pulsante y cautivadora de tonos amaderados y golosos. Se describe como fresco, vivo y sensual. La nota de avellana enriquece la composici\u00f3n de elementos amaderados, con ozono fresco combinado con ciruela Greengage.<\/p>\n<p>Las Notas de Salida son ciruela, notas oz\u00f3nicas, pomelo y bergamota; las Notas de Coraz\u00f3n son avellana, miel, cedro, madera de cachemira, jazm\u00edn y flor de naranja; las Notas de Fondo son madera de \u00e1mbar, pachul\u00ed, musgo de roble y vetiver.<\/p>\n","protected":false},"featured_media":33125,"comment_status":"open","ping_status":"closed","template":"","meta":{"_acf_changed":false,"_monsterinsights_skip_tracking":false,"_monsterinsights_sitenote_active":false,"_monsterinsights_sitenote_note":"","_monsterinsights_sitenote_category":0},"product_cat":[364,366],"product_tag":[],"acf":[],"aioseo_notices":[],"_links":{"self":[{"href":"https:\/\/martinez-perfume.com\/en\/wp-json\/wp\/v2\/product\/33148"}],"collection":[{"href":"https:\/\/martinez-perfume.com\/en\/wp-json\/wp\/v2\/product"}],"about":[{"href":"https:\/\/martinez-perfume.com\/en\/wp-json\/wp\/v2\/types\/product"}],"replies":[{"embeddable":true,"href":"https:\/\/martinez-perfume.com\/en\/wp-json\/wp\/v2\/comments?post=33148"}],"wp:featuredmedia":[{"embeddable":true,"href":"https:\/\/martinez-perfume.com\/en\/wp-json\/wp\/v2\/media\/33125"}],"wp:attachment":[{"href":"https:\/\/martinez-perfume.com\/en\/wp-json\/wp\/v2\/media?parent=33148"}],"wp:term":[{"taxonomy":"product_cat","embeddable":true,"href":"https:\/\/martinez-perfume.com\/en\/wp-json\/wp\/v2\/product_cat?post=33148"},{"taxonomy":"product_tag","embeddable":true,"href":"https:\/\/martinez-perfume.com\/en\/wp-json\/wp\/v2\/product_tag?post=33148"}],"curies":[{"name":"wp","href":"https:\/\/api.w.org\/{rel}","templated":true}]}}