{"id":33147,"date":"2020-12-21T11:50:59","date_gmt":"2020-12-21T09:50:59","guid":{"rendered":"https:\/\/martinez-perfume.com\/en\/product\/familia-de-notas-olfativas-similar-a-one-million-martinez-606\/"},"modified":"2020-12-21T11:50:59","modified_gmt":"2020-12-21T09:50:59","slug":"familia-de-notas-olfativas-similar-a-one-million-martinez-606","status":"publish","type":"product","link":"https:\/\/martinez-perfume.com\/en\/producto\/familia-de-notas-olfativas-similar-a-one-million-martinez-606\/?lang=es","title":{"rendered":"familia de notas olfativas similar a One Million <br> Martinez 606"},"content":{"rendered":"","protected":false},"excerpt":{"rendered":"<p>El perfume de la insolencia. Un camino seductor e irresistible. No existe demasiado oro por 1 mill\u00f3n. Un chico malo que vive a lo grande. De lo contrario, \u00bfcu\u00e1l es el punto? No escucha a nadie. Excepto por sus propias fantas\u00edas. La regla de oro. Y consigue lo que quiere con un chasquido de dedos. Su mascota: un lingote de oro. Su perfume: un aroma extravagante. Un aroma que te deja sin aliento.<\/p>\n<p>Las Notas de Salida son mandarina de sangre, pomelo y menta; las Notas de Coraz\u00f3n son canela, rosa y notas especiadas; las Notas de Fondo son \u00e1mbar, cuero, notas amaderadas y pachul\u00ed indio.<\/p>\n","protected":false},"featured_media":33125,"comment_status":"open","ping_status":"closed","template":"","meta":{"_acf_changed":false,"_monsterinsights_skip_tracking":false,"_monsterinsights_sitenote_active":false,"_monsterinsights_sitenote_note":"","_monsterinsights_sitenote_category":0},"product_cat":[364,366],"product_tag":[],"acf":[],"aioseo_notices":[],"_links":{"self":[{"href":"https:\/\/martinez-perfume.com\/en\/wp-json\/wp\/v2\/product\/33147"}],"collection":[{"href":"https:\/\/martinez-perfume.com\/en\/wp-json\/wp\/v2\/product"}],"about":[{"href":"https:\/\/martinez-perfume.com\/en\/wp-json\/wp\/v2\/types\/product"}],"replies":[{"embeddable":true,"href":"https:\/\/martinez-perfume.com\/en\/wp-json\/wp\/v2\/comments?post=33147"}],"wp:featuredmedia":[{"embeddable":true,"href":"https:\/\/martinez-perfume.com\/en\/wp-json\/wp\/v2\/media\/33125"}],"wp:attachment":[{"href":"https:\/\/martinez-perfume.com\/en\/wp-json\/wp\/v2\/media?parent=33147"}],"wp:term":[{"taxonomy":"product_cat","embeddable":true,"href":"https:\/\/martinez-perfume.com\/en\/wp-json\/wp\/v2\/product_cat?post=33147"},{"taxonomy":"product_tag","embeddable":true,"href":"https:\/\/martinez-perfume.com\/en\/wp-json\/wp\/v2\/product_tag?post=33147"}],"curies":[{"name":"wp","href":"https:\/\/api.w.org\/{rel}","templated":true}]}}