{"id":33145,"date":"2020-12-21T11:53:34","date_gmt":"2020-12-21T09:53:34","guid":{"rendered":"https:\/\/martinez-perfume.com\/en\/product\/notas-olfativas-familiares-parecidas-a-boss-bottled-martinez-585\/"},"modified":"2023-12-12T14:17:57","modified_gmt":"2023-12-12T12:17:57","slug":"notas-olfativas-familiares-parecidas-a-boss-bottled-martinez-585","status":"publish","type":"product","link":"https:\/\/martinez-perfume.com\/en\/producto\/notas-olfativas-familiares-parecidas-a-boss-bottled-martinez-585\/?lang=es","title":{"rendered":"notas olfativas familiares parecidas a Boss Bottled <br> Martinez 585"},"content":{"rendered":"","protected":false},"excerpt":{"rendered":"<p>El valor de un hombre est\u00e1 determinado por sus acciones y su comportamiento. Y el hombre que usa esta fragancia es el hombre de hoy, cl\u00e1sico y moderno, que cautiva con su elegancia natural.<\/p>\n<p>Las Notas de Salida son manzana, ciruela, bergamota, lim\u00f3n, musgo de roble y geranio; las Notas de Coraz\u00f3n son canela, caoba y clavel; las Notas de Fondo son vainilla, s\u00e1ndalo, cedro, vetiver y olivo.<\/p>\n","protected":false},"featured_media":33965,"comment_status":"open","ping_status":"closed","template":"","meta":{"_acf_changed":false,"_monsterinsights_skip_tracking":false,"_monsterinsights_sitenote_active":false,"_monsterinsights_sitenote_note":"","_monsterinsights_sitenote_category":0},"product_cat":[364,366],"product_tag":[],"acf":[],"aioseo_notices":[],"_links":{"self":[{"href":"https:\/\/martinez-perfume.com\/en\/wp-json\/wp\/v2\/product\/33145"}],"collection":[{"href":"https:\/\/martinez-perfume.com\/en\/wp-json\/wp\/v2\/product"}],"about":[{"href":"https:\/\/martinez-perfume.com\/en\/wp-json\/wp\/v2\/types\/product"}],"replies":[{"embeddable":true,"href":"https:\/\/martinez-perfume.com\/en\/wp-json\/wp\/v2\/comments?post=33145"}],"wp:featuredmedia":[{"embeddable":true,"href":"https:\/\/martinez-perfume.com\/en\/wp-json\/wp\/v2\/media\/33965"}],"wp:attachment":[{"href":"https:\/\/martinez-perfume.com\/en\/wp-json\/wp\/v2\/media?parent=33145"}],"wp:term":[{"taxonomy":"product_cat","embeddable":true,"href":"https:\/\/martinez-perfume.com\/en\/wp-json\/wp\/v2\/product_cat?post=33145"},{"taxonomy":"product_tag","embeddable":true,"href":"https:\/\/martinez-perfume.com\/en\/wp-json\/wp\/v2\/product_tag?post=33145"}],"curies":[{"name":"wp","href":"https:\/\/api.w.org\/{rel}","templated":true}]}}