{"id":33142,"date":"2020-12-21T11:57:13","date_gmt":"2020-12-21T09:57:13","guid":{"rendered":"https:\/\/martinez-perfume.com\/en\/product\/notas-olfativas-familia-parecidas-a-sauvage-martinez-567h\/"},"modified":"2021-12-17T06:57:41","modified_gmt":"2021-12-17T04:57:41","slug":"notas-olfativas-familia-parecidas-a-sauvage-martinez-567h","status":"publish","type":"product","link":"https:\/\/martinez-perfume.com\/en\/producto\/notas-olfativas-familia-parecidas-a-sauvage-martinez-567h\/?lang=es","title":{"rendered":"notas olfativas familia parecidas a Sauvage <br> Martinez 567H"},"content":{"rendered":"","protected":false},"excerpt":{"rendered":"<p>Este perfume es una apuesta segura. Inspirado en grandes espacios abiertos, este fresco aroma es perfecto para los fan\u00e1ticos de las fragancias que quieren apostar por un buen perfume.<\/p>\n<p>Las Notas de Salida son bergamota de Calabria y pimienta; las Notas de Coraz\u00f3n son pimienta de Sichuan, lavanda, pimienta rosa, vetiver, geranio, pachul\u00ed y elemi; las Notas de Fondo son ambroxano, cedro y l\u00e1dano.<\/p>\n","protected":false},"featured_media":33965,"comment_status":"open","ping_status":"closed","template":"","meta":{"_acf_changed":false,"_monsterinsights_skip_tracking":false,"_monsterinsights_sitenote_active":false,"_monsterinsights_sitenote_note":"","_monsterinsights_sitenote_category":0},"product_cat":[364,366],"product_tag":[],"acf":[],"aioseo_notices":[],"_links":{"self":[{"href":"https:\/\/martinez-perfume.com\/en\/wp-json\/wp\/v2\/product\/33142"}],"collection":[{"href":"https:\/\/martinez-perfume.com\/en\/wp-json\/wp\/v2\/product"}],"about":[{"href":"https:\/\/martinez-perfume.com\/en\/wp-json\/wp\/v2\/types\/product"}],"replies":[{"embeddable":true,"href":"https:\/\/martinez-perfume.com\/en\/wp-json\/wp\/v2\/comments?post=33142"}],"wp:featuredmedia":[{"embeddable":true,"href":"https:\/\/martinez-perfume.com\/en\/wp-json\/wp\/v2\/media\/33965"}],"wp:attachment":[{"href":"https:\/\/martinez-perfume.com\/en\/wp-json\/wp\/v2\/media?parent=33142"}],"wp:term":[{"taxonomy":"product_cat","embeddable":true,"href":"https:\/\/martinez-perfume.com\/en\/wp-json\/wp\/v2\/product_cat?post=33142"},{"taxonomy":"product_tag","embeddable":true,"href":"https:\/\/martinez-perfume.com\/en\/wp-json\/wp\/v2\/product_tag?post=33142"}],"curies":[{"name":"wp","href":"https:\/\/api.w.org\/{rel}","templated":true}]}}