{"id":33140,"date":"2020-12-21T12:00:25","date_gmt":"2020-12-21T10:00:25","guid":{"rendered":"https:\/\/martinez-perfume.com\/en\/product\/notas-olfativas-familia-parecida-a-invictus-martinez-561\/"},"modified":"2020-12-21T12:00:25","modified_gmt":"2020-12-21T10:00:25","slug":"notas-olfativas-familia-parecida-a-invictus-martinez-561","status":"publish","type":"product","link":"https:\/\/martinez-perfume.com\/en\/producto\/notas-olfativas-familia-parecida-a-invictus-martinez-561\/?lang=es","title":{"rendered":"notas olfativas familia parecida a Invictus <br> Martinez 561"},"content":{"rendered":"","protected":false},"excerpt":{"rendered":"<p>Es el hombre en todo su poder, el h\u00e9roe absoluto. Invictus. Desafiado y bendecido por los dioses. Su olor es el de la victoria. El perfume es un choque fenomenal de mordaz frescura y sensualidad animal. Dos fuerzas a las que nada (ni nadie) puede resistir.<\/p>\n<p>Las Notas de Salida son notas marinas, pomelo y mandarina; las Notas de Coraz\u00f3n son laurel y jazm\u00edn; las Notas de Fondo son \u00e1mbar gris, madera de guayaco, musgo de roble y pachul\u00ed.<\/p>\n","protected":false},"featured_media":33965,"comment_status":"open","ping_status":"closed","template":"","meta":{"_acf_changed":false,"_monsterinsights_skip_tracking":false,"_monsterinsights_sitenote_active":false,"_monsterinsights_sitenote_note":"","_monsterinsights_sitenote_category":0},"product_cat":[364,366],"product_tag":[],"acf":[],"aioseo_notices":[],"_links":{"self":[{"href":"https:\/\/martinez-perfume.com\/en\/wp-json\/wp\/v2\/product\/33140"}],"collection":[{"href":"https:\/\/martinez-perfume.com\/en\/wp-json\/wp\/v2\/product"}],"about":[{"href":"https:\/\/martinez-perfume.com\/en\/wp-json\/wp\/v2\/types\/product"}],"replies":[{"embeddable":true,"href":"https:\/\/martinez-perfume.com\/en\/wp-json\/wp\/v2\/comments?post=33140"}],"wp:featuredmedia":[{"embeddable":true,"href":"https:\/\/martinez-perfume.com\/en\/wp-json\/wp\/v2\/media\/33965"}],"wp:attachment":[{"href":"https:\/\/martinez-perfume.com\/en\/wp-json\/wp\/v2\/media?parent=33140"}],"wp:term":[{"taxonomy":"product_cat","embeddable":true,"href":"https:\/\/martinez-perfume.com\/en\/wp-json\/wp\/v2\/product_cat?post=33140"},{"taxonomy":"product_tag","embeddable":true,"href":"https:\/\/martinez-perfume.com\/en\/wp-json\/wp\/v2\/product_tag?post=33140"}],"curies":[{"name":"wp","href":"https:\/\/api.w.org\/{rel}","templated":true}]}}