{"id":33137,"date":"2020-12-21T13:53:47","date_gmt":"2020-12-21T11:53:47","guid":{"rendered":"https:\/\/martinez-perfume.com\/en\/product\/familia-de-notas-olfativas-parecidas-a-home-intense-martinez-549\/"},"modified":"2020-12-21T13:53:47","modified_gmt":"2020-12-21T11:53:47","slug":"familia-de-notas-olfativas-parecidas-a-home-intense-martinez-549","status":"publish","type":"product","link":"https:\/\/martinez-perfume.com\/en\/producto\/familia-de-notas-olfativas-parecidas-a-home-intense-martinez-549\/?lang=es","title":{"rendered":"familia de notas olfativas parecidas a HOME INTENSE <br> Martinez 549"},"content":{"rendered":"","protected":false},"excerpt":{"rendered":"<p>La quintaesencia del prestigio y la sofisticaci\u00f3n de forma generosa y poderosa. Iris intenso, realzado por una sensual faceta de \u00e1mbar y una base de madera preciosa, exuda su poderoso encanto. Una interpretaci\u00f3n sensual con una estela fragante que es una invitaci\u00f3n.<\/p>\n<p>La Nota de Salida es lavanda; las Notas de Coraz\u00f3n son iris, ambrette (almizcle malva) y pera; las Notas de Fondo son cedro de Virginia y vetiver.<\/p>\n","protected":false},"featured_media":33965,"comment_status":"open","ping_status":"closed","template":"","meta":{"_acf_changed":false,"_monsterinsights_skip_tracking":false,"_monsterinsights_sitenote_active":false,"_monsterinsights_sitenote_note":"","_monsterinsights_sitenote_category":0},"product_cat":[364,366],"product_tag":[],"acf":[],"aioseo_notices":[],"_links":{"self":[{"href":"https:\/\/martinez-perfume.com\/en\/wp-json\/wp\/v2\/product\/33137"}],"collection":[{"href":"https:\/\/martinez-perfume.com\/en\/wp-json\/wp\/v2\/product"}],"about":[{"href":"https:\/\/martinez-perfume.com\/en\/wp-json\/wp\/v2\/types\/product"}],"replies":[{"embeddable":true,"href":"https:\/\/martinez-perfume.com\/en\/wp-json\/wp\/v2\/comments?post=33137"}],"wp:featuredmedia":[{"embeddable":true,"href":"https:\/\/martinez-perfume.com\/en\/wp-json\/wp\/v2\/media\/33965"}],"wp:attachment":[{"href":"https:\/\/martinez-perfume.com\/en\/wp-json\/wp\/v2\/media?parent=33137"}],"wp:term":[{"taxonomy":"product_cat","embeddable":true,"href":"https:\/\/martinez-perfume.com\/en\/wp-json\/wp\/v2\/product_cat?post=33137"},{"taxonomy":"product_tag","embeddable":true,"href":"https:\/\/martinez-perfume.com\/en\/wp-json\/wp\/v2\/product_tag?post=33137"}],"curies":[{"name":"wp","href":"https:\/\/api.w.org\/{rel}","templated":true}]}}