{"id":33134,"date":"2020-12-21T13:56:57","date_gmt":"2020-12-21T11:56:57","guid":{"rendered":"https:\/\/martinez-perfume.com\/en\/product\/notas-olfativas-familia-parecidas-a-aventus-martinez-528\/"},"modified":"2020-12-21T13:56:57","modified_gmt":"2020-12-21T11:56:57","slug":"notas-olfativas-familia-parecidas-a-aventus-martinez-528","status":"publish","type":"product","link":"https:\/\/martinez-perfume.com\/en\/producto\/notas-olfativas-familia-parecidas-a-aventus-martinez-528\/?lang=es","title":{"rendered":"notas olfativas familia parecidas a Aventus <br> Martinez 528"},"content":{"rendered":"","protected":false},"excerpt":{"rendered":"<p>Un perfume con una mezcla de notas poco convencionales. Bueno para cualquier \u00e9poca del a\u00f1o y para cualquier ocasi\u00f3n; No es sin raz\u00f3n que esta es una fragancia con una legi\u00f3n de seguidores.<\/p>\n<p>Las Notas de Salida son pi\u00f1a, grosella negra, bergamota y manzana; las Notas de Coraz\u00f3n son abedul, pachul\u00ed, jazm\u00edn marroqu\u00ed y rosa; las Notas de Fondo son almizcle, musgo de roble, \u00e1mbar gris y vainilla.<\/p>\n","protected":false},"featured_media":33965,"comment_status":"open","ping_status":"closed","template":"","meta":{"_acf_changed":false,"_monsterinsights_skip_tracking":false,"_monsterinsights_sitenote_active":false,"_monsterinsights_sitenote_note":"","_monsterinsights_sitenote_category":0},"product_cat":[364,366],"product_tag":[],"acf":[],"aioseo_notices":[],"_links":{"self":[{"href":"https:\/\/martinez-perfume.com\/en\/wp-json\/wp\/v2\/product\/33134"}],"collection":[{"href":"https:\/\/martinez-perfume.com\/en\/wp-json\/wp\/v2\/product"}],"about":[{"href":"https:\/\/martinez-perfume.com\/en\/wp-json\/wp\/v2\/types\/product"}],"replies":[{"embeddable":true,"href":"https:\/\/martinez-perfume.com\/en\/wp-json\/wp\/v2\/comments?post=33134"}],"wp:featuredmedia":[{"embeddable":true,"href":"https:\/\/martinez-perfume.com\/en\/wp-json\/wp\/v2\/media\/33965"}],"wp:attachment":[{"href":"https:\/\/martinez-perfume.com\/en\/wp-json\/wp\/v2\/media?parent=33134"}],"wp:term":[{"taxonomy":"product_cat","embeddable":true,"href":"https:\/\/martinez-perfume.com\/en\/wp-json\/wp\/v2\/product_cat?post=33134"},{"taxonomy":"product_tag","embeddable":true,"href":"https:\/\/martinez-perfume.com\/en\/wp-json\/wp\/v2\/product_tag?post=33134"}],"curies":[{"name":"wp","href":"https:\/\/api.w.org\/{rel}","templated":true}]}}