{"id":33129,"date":"2020-12-21T14:02:38","date_gmt":"2020-12-21T12:02:38","guid":{"rendered":"https:\/\/martinez-perfume.com\/en\/product\/notas-olfativas-familia-parecida-a-black-code-martinez-514\/"},"modified":"2025-12-28T23:02:30","modified_gmt":"2025-12-28T21:02:30","slug":"notas-olfativas-familia-parecida-a-black-code-martinez-514","status":"publish","type":"product","link":"https:\/\/martinez-perfume.com\/en\/producto\/notas-olfativas-familia-parecida-a-black-code-martinez-514\/?lang=es","title":{"rendered":"notas olfativas familia parecida a Black code <br> Martinez 514"},"content":{"rendered":"","protected":false},"excerpt":{"rendered":"<p>El perfume es seductor para el hombre contempor\u00e1neo. Esta moderna y sofisticada fragancia para hombres combina un irresistible c\u00f3ctel de lim\u00f3n con esencia de bergamota y lim\u00f3n con suaves notas de flor de olivo, calentado con Guaiac Wood Essential y haba tonka.<\/p>\n<p>Las Notas de Salida son neroli, mandarina y bergamota; las Notas de Coraz\u00f3n son an\u00eds estrellado, flor de olivo y estrag\u00f3n; las Notas de Fondo son haba tonka, madera de guayaco, tabaco y cedro.<\/p>\n","protected":false},"featured_media":33965,"comment_status":"open","ping_status":"closed","template":"","meta":{"_acf_changed":false,"_monsterinsights_skip_tracking":false,"_monsterinsights_sitenote_active":false,"_monsterinsights_sitenote_note":"","_monsterinsights_sitenote_category":0},"product_cat":[364,366],"product_tag":[],"acf":[],"aioseo_notices":[],"_links":{"self":[{"href":"https:\/\/martinez-perfume.com\/en\/wp-json\/wp\/v2\/product\/33129"}],"collection":[{"href":"https:\/\/martinez-perfume.com\/en\/wp-json\/wp\/v2\/product"}],"about":[{"href":"https:\/\/martinez-perfume.com\/en\/wp-json\/wp\/v2\/types\/product"}],"replies":[{"embeddable":true,"href":"https:\/\/martinez-perfume.com\/en\/wp-json\/wp\/v2\/comments?post=33129"}],"wp:featuredmedia":[{"embeddable":true,"href":"https:\/\/martinez-perfume.com\/en\/wp-json\/wp\/v2\/media\/33965"}],"wp:attachment":[{"href":"https:\/\/martinez-perfume.com\/en\/wp-json\/wp\/v2\/media?parent=33129"}],"wp:term":[{"taxonomy":"product_cat","embeddable":true,"href":"https:\/\/martinez-perfume.com\/en\/wp-json\/wp\/v2\/product_cat?post=33129"},{"taxonomy":"product_tag","embeddable":true,"href":"https:\/\/martinez-perfume.com\/en\/wp-json\/wp\/v2\/product_tag?post=33129"}],"curies":[{"name":"wp","href":"https:\/\/api.w.org\/{rel}","templated":true}]}}