{"id":33127,"date":"2020-12-21T14:04:58","date_gmt":"2020-12-21T12:04:58","guid":{"rendered":"https:\/\/martinez-perfume.com\/en\/product\/familia-de-notas-olfativas-parecidas-a-acqua-di-gio-martinez-509\/"},"modified":"2020-12-21T14:04:58","modified_gmt":"2020-12-21T12:04:58","slug":"familia-de-notas-olfativas-parecidas-a-acqua-di-gio-martinez-509","status":"publish","type":"product","link":"https:\/\/martinez-perfume.com\/en\/producto\/familia-de-notas-olfativas-parecidas-a-acqua-di-gio-martinez-509\/?lang=es","title":{"rendered":"familia de notas olfativas parecidas a ACQUA DI GIO <br> Martinez 509"},"content":{"rendered":"","protected":false},"excerpt":{"rendered":"<p>El calor del sol y la frescura del mar en un frasco de perfume. Para el hombre muy masculino y seductor, fuerte y vital. Una fragancia dif\u00edcil de olvidar.<\/p>\n<p>Las notas de salida son lima, lim\u00f3n, bergamota, jazm\u00edn, naranja, mandarina y neroli; las Notas de Coraz\u00f3n son notas marinas, jazm\u00edn, calone, melocot\u00f3n, fresia, ciclamen, jacinto, violeta, romero, cilantro, nuez moscada, rosa y mignonette; las Notas de Fondo son almizcle blanco, cedro, musgo de roble, pachul\u00ed y \u00e1mbar.<\/p>\n","protected":false},"featured_media":33965,"comment_status":"open","ping_status":"closed","template":"","meta":{"_acf_changed":false,"_monsterinsights_skip_tracking":false,"_monsterinsights_sitenote_active":false,"_monsterinsights_sitenote_note":"","_monsterinsights_sitenote_category":0},"product_cat":[364,366],"product_tag":[],"acf":[],"aioseo_notices":[],"_links":{"self":[{"href":"https:\/\/martinez-perfume.com\/en\/wp-json\/wp\/v2\/product\/33127"}],"collection":[{"href":"https:\/\/martinez-perfume.com\/en\/wp-json\/wp\/v2\/product"}],"about":[{"href":"https:\/\/martinez-perfume.com\/en\/wp-json\/wp\/v2\/types\/product"}],"replies":[{"embeddable":true,"href":"https:\/\/martinez-perfume.com\/en\/wp-json\/wp\/v2\/comments?post=33127"}],"wp:featuredmedia":[{"embeddable":true,"href":"https:\/\/martinez-perfume.com\/en\/wp-json\/wp\/v2\/media\/33965"}],"wp:attachment":[{"href":"https:\/\/martinez-perfume.com\/en\/wp-json\/wp\/v2\/media?parent=33127"}],"wp:term":[{"taxonomy":"product_cat","embeddable":true,"href":"https:\/\/martinez-perfume.com\/en\/wp-json\/wp\/v2\/product_cat?post=33127"},{"taxonomy":"product_tag","embeddable":true,"href":"https:\/\/martinez-perfume.com\/en\/wp-json\/wp\/v2\/product_tag?post=33127"}],"curies":[{"name":"wp","href":"https:\/\/api.w.org\/{rel}","templated":true}]}}