{"id":33126,"date":"2020-12-21T14:06:00","date_gmt":"2020-12-21T12:06:00","guid":{"rendered":"https:\/\/martinez-perfume.com\/en\/product\/notas-olfativas-familia-parecidas-a-alien-man-martinez-506\/"},"modified":"2022-01-25T01:35:28","modified_gmt":"2022-01-24T23:35:28","slug":"notas-olfativas-familia-parecidas-a-alien-man-martinez-506","status":"publish","type":"product","link":"https:\/\/martinez-perfume.com\/en\/producto\/notas-olfativas-familia-parecidas-a-alien-man-martinez-506\/?lang=es","title":{"rendered":"notas olfativas familia parecidas a ALIEN MAN <br> Martinez 506"},"content":{"rendered":"","protected":false},"excerpt":{"rendered":"<p>El perfume es seguro, fuerte y optimista. Su fragancia le otorga un poder extraordinario para convertirse en \u00e9l mismo y lograr sus sue\u00f1os. Haz que suceda con determinaci\u00f3n, fuerza y positividad.<\/p>\n<p>Las Notas de Salida son an\u00eds, eneldo, menta, haya, lavanda, tomillo y lim\u00f3n; las Notas de Coraz\u00f3n son cuero, madera de cachemira, osmanto, pimienta y geranio; las Notas de Fondo son \u00e1mbar blanco, cachemira y vainilla.<\/p>\n","protected":false},"featured_media":33965,"comment_status":"open","ping_status":"closed","template":"","meta":{"_acf_changed":false,"_monsterinsights_skip_tracking":false,"_monsterinsights_sitenote_active":false,"_monsterinsights_sitenote_note":"","_monsterinsights_sitenote_category":0},"product_cat":[364,366],"product_tag":[],"acf":[],"aioseo_notices":[],"_links":{"self":[{"href":"https:\/\/martinez-perfume.com\/en\/wp-json\/wp\/v2\/product\/33126"}],"collection":[{"href":"https:\/\/martinez-perfume.com\/en\/wp-json\/wp\/v2\/product"}],"about":[{"href":"https:\/\/martinez-perfume.com\/en\/wp-json\/wp\/v2\/types\/product"}],"replies":[{"embeddable":true,"href":"https:\/\/martinez-perfume.com\/en\/wp-json\/wp\/v2\/comments?post=33126"}],"wp:featuredmedia":[{"embeddable":true,"href":"https:\/\/martinez-perfume.com\/en\/wp-json\/wp\/v2\/media\/33965"}],"wp:attachment":[{"href":"https:\/\/martinez-perfume.com\/en\/wp-json\/wp\/v2\/media?parent=33126"}],"wp:term":[{"taxonomy":"product_cat","embeddable":true,"href":"https:\/\/martinez-perfume.com\/en\/wp-json\/wp\/v2\/product_cat?post=33126"},{"taxonomy":"product_tag","embeddable":true,"href":"https:\/\/martinez-perfume.com\/en\/wp-json\/wp\/v2\/product_tag?post=33126"}],"curies":[{"name":"wp","href":"https:\/\/api.w.org\/{rel}","templated":true}]}}