{"id":33124,"date":"2020-12-21T14:06:58","date_gmt":"2020-12-21T12:06:58","guid":{"rendered":"https:\/\/martinez-perfume.com\/en\/product\/notas-olfativas-familia-parecidas-a-un-hombre-martinez-505\/"},"modified":"2021-08-03T10:56:13","modified_gmt":"2021-08-03T07:56:13","slug":"notas-olfativas-familia-parecidas-a-un-hombre-martinez-505","status":"publish","type":"product","link":"https:\/\/martinez-perfume.com\/en\/producto\/notas-olfativas-familia-parecidas-a-un-hombre-martinez-505\/?lang=es","title":{"rendered":"notas olfativas familia parecidas a A MAN <br> Martinez 505"},"content":{"rendered":"","protected":false},"excerpt":{"rendered":"<p>Este perfume es muy exuberante, ex\u00f3tico y fuerte, con \u00e9l no pasar\u00e1s desapercibido. Expresa la fuerza interior del hombre heroico y triunfante. \u00bfTe atreves?<\/p>\n<p>Las Notas de Salida son lavanda, menta, notas afrutadas y especiadas, cilantro, notas verdes y bergamota; las Notas de Coraz\u00f3n son caramelo, pachul\u00ed, miel, leche, cedro, jazm\u00edn y lirio de los valles; las Notas de Fondo son caf\u00e9, pachul\u00ed, vainilla, haba tonka, benju\u00ed, \u00e1mbar, s\u00e1ndalo y almizcle.<\/p>\n","protected":false},"featured_media":33965,"comment_status":"open","ping_status":"closed","template":"","meta":{"_acf_changed":false,"_monsterinsights_skip_tracking":false,"_monsterinsights_sitenote_active":false,"_monsterinsights_sitenote_note":"","_monsterinsights_sitenote_category":0},"product_cat":[364,366],"product_tag":[],"acf":[],"aioseo_notices":[],"_links":{"self":[{"href":"https:\/\/martinez-perfume.com\/en\/wp-json\/wp\/v2\/product\/33124"}],"collection":[{"href":"https:\/\/martinez-perfume.com\/en\/wp-json\/wp\/v2\/product"}],"about":[{"href":"https:\/\/martinez-perfume.com\/en\/wp-json\/wp\/v2\/types\/product"}],"replies":[{"embeddable":true,"href":"https:\/\/martinez-perfume.com\/en\/wp-json\/wp\/v2\/comments?post=33124"}],"wp:featuredmedia":[{"embeddable":true,"href":"https:\/\/martinez-perfume.com\/en\/wp-json\/wp\/v2\/media\/33965"}],"wp:attachment":[{"href":"https:\/\/martinez-perfume.com\/en\/wp-json\/wp\/v2\/media?parent=33124"}],"wp:term":[{"taxonomy":"product_cat","embeddable":true,"href":"https:\/\/martinez-perfume.com\/en\/wp-json\/wp\/v2\/product_cat?post=33124"},{"taxonomy":"product_tag","embeddable":true,"href":"https:\/\/martinez-perfume.com\/en\/wp-json\/wp\/v2\/product_tag?post=33124"}],"curies":[{"name":"wp","href":"https:\/\/api.w.org\/{rel}","templated":true}]}}