{"id":33122,"date":"2021-03-25T14:37:43","date_gmt":"2021-03-25T12:37:43","guid":{"rendered":"https:\/\/martinez-perfume.com\/en\/product\/yoga-vela-perfumada\/"},"modified":"2021-03-25T14:37:43","modified_gmt":"2021-03-25T12:37:43","slug":"yoga-vela-perfumada","status":"publish","type":"product","link":"https:\/\/martinez-perfume.com\/en\/producto\/yoga-vela-perfumada\/?lang=es","title":{"rendered":"YOGA &#8211; vela perfumada"},"content":{"rendered":"","protected":false},"excerpt":{"rendered":"<p>YOGA es una vela perfumada de ylang-ylang combinada con notas calmantes de jazm\u00edn, manzanilla y almizcle.<\/p>\n<p>Efecto relajante \u00fanico, gracias a nuestros aceites arom\u00e1ticos de alta calidad.<\/p>\n<p>Aromaterapia con Ylang-Ylang:<\/p>\n<p>El ylang-ylang no solo tiene un aroma delicado, suave y relajante, sino que tambi\u00e9n se ha demostrado cient\u00edficamente que act\u00faa como un calmante para el estr\u00e9s, lo que lo convierte en uno de los favoritos entre los aromaterapeutas.<\/p>\n<p>Tiempo de combusti\u00f3n: 40 horas.<\/p>\n<p>Cantidad neta: 150 g \/ 5.3 oz<\/p>\n<p>Hecho de mechas de algod\u00f3n sin plomo y aceites arom\u00e1ticos perfumados de primera clase, suaves y altamente refinados y una mezcla especial de cera vegetal, para un producto biodegradable y ecol\u00f3gico que le brindar\u00e1 una combusti\u00f3n limpia y horas duraderas de dicha fragante. Sin parabenos, sin crueldad<\/p>\n","protected":false},"featured_media":33123,"comment_status":"open","ping_status":"closed","template":"","meta":{"_acf_changed":false,"_monsterinsights_skip_tracking":false,"_monsterinsights_sitenote_active":false,"_monsterinsights_sitenote_note":"","_monsterinsights_sitenote_category":0},"product_cat":[358,362],"product_tag":[],"acf":[],"aioseo_notices":[],"_links":{"self":[{"href":"https:\/\/martinez-perfume.com\/en\/wp-json\/wp\/v2\/product\/33122"}],"collection":[{"href":"https:\/\/martinez-perfume.com\/en\/wp-json\/wp\/v2\/product"}],"about":[{"href":"https:\/\/martinez-perfume.com\/en\/wp-json\/wp\/v2\/types\/product"}],"replies":[{"embeddable":true,"href":"https:\/\/martinez-perfume.com\/en\/wp-json\/wp\/v2\/comments?post=33122"}],"wp:featuredmedia":[{"embeddable":true,"href":"https:\/\/martinez-perfume.com\/en\/wp-json\/wp\/v2\/media\/33123"}],"wp:attachment":[{"href":"https:\/\/martinez-perfume.com\/en\/wp-json\/wp\/v2\/media?parent=33122"}],"wp:term":[{"taxonomy":"product_cat","embeddable":true,"href":"https:\/\/martinez-perfume.com\/en\/wp-json\/wp\/v2\/product_cat?post=33122"},{"taxonomy":"product_tag","embeddable":true,"href":"https:\/\/martinez-perfume.com\/en\/wp-json\/wp\/v2\/product_tag?post=33122"}],"curies":[{"name":"wp","href":"https:\/\/api.w.org\/{rel}","templated":true}]}}