{"id":33120,"date":"2021-03-25T14:47:49","date_gmt":"2021-03-25T12:47:49","guid":{"rendered":"https:\/\/martinez-perfume.com\/en\/product\/delirium-vela-perfumada\/"},"modified":"2021-03-25T14:47:49","modified_gmt":"2021-03-25T12:47:49","slug":"delirium-vela-perfumada","status":"publish","type":"product","link":"https:\/\/martinez-perfume.com\/en\/producto\/delirium-vela-perfumada\/?lang=es","title":{"rendered":"Delirium &#8211; vela perfumada"},"content":{"rendered":"","protected":false},"excerpt":{"rendered":"<p>Delirium es una fragancia que tiene un sabor delicioso y suave como un baile sin preocupaciones. En este aroma, hemos combinado pur\u00e9 de pl\u00e1tano triturado, vaina de vainilla, sorbete de coco, leche de almendras y almizcle blanco.<\/p>\n<p>Tiempo de combusti\u00f3n: 40 horas.<\/p>\n<p>Cantidad neta: 150 g \/ 5.3 oz<\/p>\n<p>Hecho de mechas de algod\u00f3n sin plomo y aceites arom\u00e1ticos perfumados de primera clase, suaves y altamente refinados y una mezcla especial de cera vegetal, para un producto biodegradable y ecol\u00f3gico que le brindar\u00e1 una combusti\u00f3n limpia y horas duraderas de dicha fragante. Sin parabenos, sin crueldad<\/p>\n","protected":false},"featured_media":33121,"comment_status":"open","ping_status":"closed","template":"","meta":{"_acf_changed":false,"_monsterinsights_skip_tracking":false,"_monsterinsights_sitenote_active":false,"_monsterinsights_sitenote_note":"","_monsterinsights_sitenote_category":0},"product_cat":[358,362],"product_tag":[],"acf":[],"aioseo_notices":[],"_links":{"self":[{"href":"https:\/\/martinez-perfume.com\/en\/wp-json\/wp\/v2\/product\/33120"}],"collection":[{"href":"https:\/\/martinez-perfume.com\/en\/wp-json\/wp\/v2\/product"}],"about":[{"href":"https:\/\/martinez-perfume.com\/en\/wp-json\/wp\/v2\/types\/product"}],"replies":[{"embeddable":true,"href":"https:\/\/martinez-perfume.com\/en\/wp-json\/wp\/v2\/comments?post=33120"}],"wp:featuredmedia":[{"embeddable":true,"href":"https:\/\/martinez-perfume.com\/en\/wp-json\/wp\/v2\/media\/33121"}],"wp:attachment":[{"href":"https:\/\/martinez-perfume.com\/en\/wp-json\/wp\/v2\/media?parent=33120"}],"wp:term":[{"taxonomy":"product_cat","embeddable":true,"href":"https:\/\/martinez-perfume.com\/en\/wp-json\/wp\/v2\/product_cat?post=33120"},{"taxonomy":"product_tag","embeddable":true,"href":"https:\/\/martinez-perfume.com\/en\/wp-json\/wp\/v2\/product_tag?post=33120"}],"curies":[{"name":"wp","href":"https:\/\/api.w.org\/{rel}","templated":true}]}}