{"id":33118,"date":"2021-03-25T15:13:54","date_gmt":"2021-03-25T13:13:54","guid":{"rendered":"https:\/\/martinez-perfume.com\/en\/product\/endless-vela-perfumada\/"},"modified":"2021-03-25T15:13:54","modified_gmt":"2021-03-25T13:13:54","slug":"endless-vela-perfumada","status":"publish","type":"product","link":"https:\/\/martinez-perfume.com\/en\/producto\/endless-vela-perfumada\/?lang=es","title":{"rendered":"Endless &#8211; vela perfumada"},"content":{"rendered":"","protected":false},"excerpt":{"rendered":"<p>Endless es una fragancia de vainilla caliente combinada con az\u00facar caramelizada y almizcle blanco. Esta fragancia se puede describir como que trae paz y disfrute de la vida.<\/p>\n<p>\u00a1Del\u00e9itese con la felicidad y el calor suave con la vela perfumada Endless!<\/p>\n<p>Tiempo de combusti\u00f3n: 40 horas.<\/p>\n<p>Cantidad neta: 150 g \/ 5.3 oz<\/p>\n<p>Hecho de mechas de algod\u00f3n sin plomo y aceites arom\u00e1ticos perfumados de primera clase, suaves y altamente refinados y una mezcla especial de cera vegetal, para un producto biodegradable y ecol\u00f3gico que le brindar\u00e1 una combusti\u00f3n limpia y horas duraderas de dicha fragante. Sin parabenos, sin crueldad<\/p>\n","protected":false},"featured_media":33119,"comment_status":"open","ping_status":"closed","template":"","meta":{"_acf_changed":false,"_monsterinsights_skip_tracking":false,"_monsterinsights_sitenote_active":false,"_monsterinsights_sitenote_note":"","_monsterinsights_sitenote_category":0},"product_cat":[358,362],"product_tag":[],"acf":[],"aioseo_notices":[],"_links":{"self":[{"href":"https:\/\/martinez-perfume.com\/en\/wp-json\/wp\/v2\/product\/33118"}],"collection":[{"href":"https:\/\/martinez-perfume.com\/en\/wp-json\/wp\/v2\/product"}],"about":[{"href":"https:\/\/martinez-perfume.com\/en\/wp-json\/wp\/v2\/types\/product"}],"replies":[{"embeddable":true,"href":"https:\/\/martinez-perfume.com\/en\/wp-json\/wp\/v2\/comments?post=33118"}],"wp:featuredmedia":[{"embeddable":true,"href":"https:\/\/martinez-perfume.com\/en\/wp-json\/wp\/v2\/media\/33119"}],"wp:attachment":[{"href":"https:\/\/martinez-perfume.com\/en\/wp-json\/wp\/v2\/media?parent=33118"}],"wp:term":[{"taxonomy":"product_cat","embeddable":true,"href":"https:\/\/martinez-perfume.com\/en\/wp-json\/wp\/v2\/product_cat?post=33118"},{"taxonomy":"product_tag","embeddable":true,"href":"https:\/\/martinez-perfume.com\/en\/wp-json\/wp\/v2\/product_tag?post=33118"}],"curies":[{"name":"wp","href":"https:\/\/api.w.org\/{rel}","templated":true}]}}