{"id":33114,"date":"2021-03-25T15:18:44","date_gmt":"2021-03-25T13:18:44","guid":{"rendered":"https:\/\/martinez-perfume.com\/en\/product\/holly-jolly-vela-perfumada\/"},"modified":"2022-04-22T15:53:50","modified_gmt":"2022-04-22T12:53:50","slug":"holly-jolly-vela-perfumada","status":"publish","type":"product","link":"https:\/\/martinez-perfume.com\/en\/producto\/holly-jolly-vela-perfumada\/?lang=es","title":{"rendered":"Holly Jolly &#8211; vela perfumada"},"content":{"rendered":"","protected":false},"excerpt":{"rendered":"<p>Holly Jolly es una vela con aroma a caramelo derretido y leche de almendras tibia. \u00a1Este c\u00e1lido e irresistible aroma gourmet es lo que necesitamos para levantar el esp\u00edritu festivo!<\/p>\n<p>\u00a1Haga que su estad\u00eda en casa sea m\u00e1s c\u00e1lida y acogedora con nuestra vela navide\u00f1a limitada!<\/p>\n<p>Tiempo de combusti\u00f3n: 40 horas.<\/p>\n<p>Cantidad neta: 150 g \/ 5.3 oz<\/p>\n<p>Hecho de mechas de algod\u00f3n sin plomo y aceites arom\u00e1ticos perfumados de primera clase, suaves y altamente refinados y una mezcla especial de cera vegetal, para un producto biodegradable y ecol\u00f3gico que le brindar\u00e1 una combusti\u00f3n limpia y horas duraderas de dicha fragante. Sin parabenos, sin crueldad<\/p>\n","protected":false},"featured_media":33115,"comment_status":"open","ping_status":"closed","template":"","meta":{"_acf_changed":false,"_monsterinsights_skip_tracking":false,"_monsterinsights_sitenote_active":false,"_monsterinsights_sitenote_note":"","_monsterinsights_sitenote_category":0},"product_cat":[358,362],"product_tag":[],"acf":[],"aioseo_notices":[],"_links":{"self":[{"href":"https:\/\/martinez-perfume.com\/en\/wp-json\/wp\/v2\/product\/33114"}],"collection":[{"href":"https:\/\/martinez-perfume.com\/en\/wp-json\/wp\/v2\/product"}],"about":[{"href":"https:\/\/martinez-perfume.com\/en\/wp-json\/wp\/v2\/types\/product"}],"replies":[{"embeddable":true,"href":"https:\/\/martinez-perfume.com\/en\/wp-json\/wp\/v2\/comments?post=33114"}],"wp:featuredmedia":[{"embeddable":true,"href":"https:\/\/martinez-perfume.com\/en\/wp-json\/wp\/v2\/media\/33115"}],"wp:attachment":[{"href":"https:\/\/martinez-perfume.com\/en\/wp-json\/wp\/v2\/media?parent=33114"}],"wp:term":[{"taxonomy":"product_cat","embeddable":true,"href":"https:\/\/martinez-perfume.com\/en\/wp-json\/wp\/v2\/product_cat?post=33114"},{"taxonomy":"product_tag","embeddable":true,"href":"https:\/\/martinez-perfume.com\/en\/wp-json\/wp\/v2\/product_tag?post=33114"}],"curies":[{"name":"wp","href":"https:\/\/api.w.org\/{rel}","templated":true}]}}