{"id":33108,"date":"2021-06-03T13:46:07","date_gmt":"2021-06-03T10:46:07","guid":{"rendered":"https:\/\/martinez-perfume.com\/en\/product\/familia-de-notas-olfativas-similar-a-changing-constance-martinez-291\/"},"modified":"2023-02-11T21:17:56","modified_gmt":"2023-02-11T19:17:56","slug":"familia-de-notas-olfativas-similar-a-changing-constance-martinez-291","status":"publish","type":"product","link":"https:\/\/martinez-perfume.com\/en\/producto\/familia-de-notas-olfativas-similar-a-changing-constance-martinez-291\/?lang=es","title":{"rendered":"Familia de notas olfativas similar a Changing Constance <br> Martinez 291"},"content":{"rendered":"","protected":false},"excerpt":{"rendered":"<p>Constance es lo que se podr\u00eda llamar una mujer muy moderna. No tiene respeto por las costumbres y hace exactamente lo que le gusta.<\/p>\n<p>La fragancia se abre con notas de pimiento y cardamomo, con el coraz\u00f3n de caramelo salado y la base de armon\u00edas florales amaderadas. Las notas tambi\u00e9n incluyen cachemira, tabaco y vainilla.<\/p>\n","protected":false},"featured_media":33965,"comment_status":"open","ping_status":"closed","template":"","meta":{"_acf_changed":false,"_monsterinsights_skip_tracking":false,"_monsterinsights_sitenote_active":false,"_monsterinsights_sitenote_note":"","_monsterinsights_sitenote_category":0},"product_cat":[364,365,366,367,368],"product_tag":[],"acf":[],"aioseo_notices":[],"_links":{"self":[{"href":"https:\/\/martinez-perfume.com\/en\/wp-json\/wp\/v2\/product\/33108"}],"collection":[{"href":"https:\/\/martinez-perfume.com\/en\/wp-json\/wp\/v2\/product"}],"about":[{"href":"https:\/\/martinez-perfume.com\/en\/wp-json\/wp\/v2\/types\/product"}],"replies":[{"embeddable":true,"href":"https:\/\/martinez-perfume.com\/en\/wp-json\/wp\/v2\/comments?post=33108"}],"wp:featuredmedia":[{"embeddable":true,"href":"https:\/\/martinez-perfume.com\/en\/wp-json\/wp\/v2\/media\/33965"}],"wp:attachment":[{"href":"https:\/\/martinez-perfume.com\/en\/wp-json\/wp\/v2\/media?parent=33108"}],"wp:term":[{"taxonomy":"product_cat","embeddable":true,"href":"https:\/\/martinez-perfume.com\/en\/wp-json\/wp\/v2\/product_cat?post=33108"},{"taxonomy":"product_tag","embeddable":true,"href":"https:\/\/martinez-perfume.com\/en\/wp-json\/wp\/v2\/product_tag?post=33108"}],"curies":[{"name":"wp","href":"https:\/\/api.w.org\/{rel}","templated":true}]}}