{"id":33106,"date":"2021-06-03T14:04:49","date_gmt":"2021-06-03T11:04:49","guid":{"rendered":"https:\/\/martinez-perfume.com\/en\/product\/notas-olfativas-familiares-parecidas-a-alive-martinez-203\/"},"modified":"2023-12-12T14:14:45","modified_gmt":"2023-12-12T12:14:45","slug":"notas-olfativas-familiares-parecidas-a-alive-martinez-203","status":"publish","type":"product","link":"https:\/\/martinez-perfume.com\/en\/producto\/notas-olfativas-familiares-parecidas-a-alive-martinez-203\/?lang=es","title":{"rendered":"notas olfativas familiares parecidas a Alive <br> Martinez 203"},"content":{"rendered":"","protected":false},"excerpt":{"rendered":"<p>Eres una mujer espont\u00e1nea? \u00bfNo quieres vivir el momento sin perder el tiempo pensando en el pasado o en el futuro? Tienes suerte. Tienes la fragancia que te representa a la perfecci\u00f3n.<\/p>\n<p>Las Notas de Salida son vainilla de Madagascar, ciruela, manzana, canela y grosella negra; las Notas de Coraz\u00f3n son Jazm\u00edn Sambac y Tomillo; las Notas de Fondo son notas amaderadas, cedro, s\u00e1ndalo y olivo.<\/p>\n","protected":false},"featured_media":33967,"comment_status":"open","ping_status":"closed","template":"","meta":{"_acf_changed":false,"_monsterinsights_skip_tracking":false,"_monsterinsights_sitenote_active":false,"_monsterinsights_sitenote_note":"","_monsterinsights_sitenote_category":0},"product_cat":[364,367],"product_tag":[],"acf":[],"aioseo_notices":[],"_links":{"self":[{"href":"https:\/\/martinez-perfume.com\/en\/wp-json\/wp\/v2\/product\/33106"}],"collection":[{"href":"https:\/\/martinez-perfume.com\/en\/wp-json\/wp\/v2\/product"}],"about":[{"href":"https:\/\/martinez-perfume.com\/en\/wp-json\/wp\/v2\/types\/product"}],"replies":[{"embeddable":true,"href":"https:\/\/martinez-perfume.com\/en\/wp-json\/wp\/v2\/comments?post=33106"}],"wp:featuredmedia":[{"embeddable":true,"href":"https:\/\/martinez-perfume.com\/en\/wp-json\/wp\/v2\/media\/33967"}],"wp:attachment":[{"href":"https:\/\/martinez-perfume.com\/en\/wp-json\/wp\/v2\/media?parent=33106"}],"wp:term":[{"taxonomy":"product_cat","embeddable":true,"href":"https:\/\/martinez-perfume.com\/en\/wp-json\/wp\/v2\/product_cat?post=33106"},{"taxonomy":"product_tag","embeddable":true,"href":"https:\/\/martinez-perfume.com\/en\/wp-json\/wp\/v2\/product_tag?post=33106"}],"curies":[{"name":"wp","href":"https:\/\/api.w.org\/{rel}","templated":true}]}}