{"id":33105,"date":"2021-06-03T14:18:37","date_gmt":"2021-06-03T11:18:37","guid":{"rendered":"https:\/\/martinez-perfume.com\/en\/product\/familia-de-notas-olfativas-parecidas-a-oud-satin-mood-martinez-305\/"},"modified":"2021-06-03T14:18:37","modified_gmt":"2021-06-03T11:18:37","slug":"familia-de-notas-olfativas-parecidas-a-oud-satin-mood-martinez-305","status":"publish","type":"product","link":"https:\/\/martinez-perfume.com\/en\/producto\/familia-de-notas-olfativas-parecidas-a-oud-satin-mood-martinez-305\/?lang=es","title":{"rendered":"Familia de notas olfativas parecidas a Oud Satin Mood <br> Martinez 305"},"content":{"rendered":"","protected":false},"excerpt":{"rendered":"<p>Envu\u00e9lvase en la fragancia oriental amaderada para suspender el tiempo y perderse en la profundidad del aqu\u00ed y ahora. El humor satinado de Oud es la traducci\u00f3n a trav\u00e9s del perfume de un Oriente generoso y resplandeciente.<\/p>\n<p>Notas de salida: violeta, notas de coraz\u00f3n: oud de Laos, rosa de Bulgaria, rosa de Turqu\u00eda, notas de fondo: vainilla, \u00e1mbar<\/p>\n","protected":false},"featured_media":33965,"comment_status":"open","ping_status":"closed","template":"","meta":{"_acf_changed":false,"_monsterinsights_skip_tracking":false,"_monsterinsights_sitenote_active":false,"_monsterinsights_sitenote_note":"","_monsterinsights_sitenote_category":0},"product_cat":[364,365,366,367,368],"product_tag":[],"acf":[],"aioseo_notices":[],"_links":{"self":[{"href":"https:\/\/martinez-perfume.com\/en\/wp-json\/wp\/v2\/product\/33105"}],"collection":[{"href":"https:\/\/martinez-perfume.com\/en\/wp-json\/wp\/v2\/product"}],"about":[{"href":"https:\/\/martinez-perfume.com\/en\/wp-json\/wp\/v2\/types\/product"}],"replies":[{"embeddable":true,"href":"https:\/\/martinez-perfume.com\/en\/wp-json\/wp\/v2\/comments?post=33105"}],"wp:featuredmedia":[{"embeddable":true,"href":"https:\/\/martinez-perfume.com\/en\/wp-json\/wp\/v2\/media\/33965"}],"wp:attachment":[{"href":"https:\/\/martinez-perfume.com\/en\/wp-json\/wp\/v2\/media?parent=33105"}],"wp:term":[{"taxonomy":"product_cat","embeddable":true,"href":"https:\/\/martinez-perfume.com\/en\/wp-json\/wp\/v2\/product_cat?post=33105"},{"taxonomy":"product_tag","embeddable":true,"href":"https:\/\/martinez-perfume.com\/en\/wp-json\/wp\/v2\/product_tag?post=33105"}],"curies":[{"name":"wp","href":"https:\/\/api.w.org\/{rel}","templated":true}]}}