{"id":33103,"date":"2021-06-03T14:20:13","date_gmt":"2021-06-03T11:20:13","guid":{"rendered":"https:\/\/martinez-perfume.com\/en\/product\/notas-olfativas-familia-parecidas-a-firma-martinez-333\/"},"modified":"2025-10-05T16:50:46","modified_gmt":"2025-10-05T13:50:46","slug":"notas-olfativas-familia-parecidas-a-firma-martinez-333","status":"publish","type":"product","link":"https:\/\/martinez-perfume.com\/en\/producto\/notas-olfativas-familia-parecidas-a-firma-martinez-333\/?lang=es","title":{"rendered":"notas olfativas familia parecidas a Signature <br> Martinez 333"},"content":{"rendered":"","protected":false},"excerpt":{"rendered":"<p>Signature es una fragancia femenina que se abre con notas de clementina y orqu\u00eddeas. Su coraz\u00f3n est\u00e1 compuesto por vainilla y magnolia, y almizcles blancos y \u00e1mbar forman la base.<\/p>\n<p>La nota m\u00e1s alta es clementina; las Notas de Coraz\u00f3n son Magnolia, Ylang-Ylang y Peon\u00eda; las Notas de Fondo son vainilla, almizcle blanco y benju\u00ed.<\/p>\n","protected":false},"featured_media":33967,"comment_status":"open","ping_status":"closed","template":"","meta":{"_acf_changed":false,"_monsterinsights_skip_tracking":false,"_monsterinsights_sitenote_active":false,"_monsterinsights_sitenote_note":"","_monsterinsights_sitenote_category":0},"product_cat":[364,367],"product_tag":[],"acf":[],"aioseo_notices":[],"_links":{"self":[{"href":"https:\/\/martinez-perfume.com\/en\/wp-json\/wp\/v2\/product\/33103"}],"collection":[{"href":"https:\/\/martinez-perfume.com\/en\/wp-json\/wp\/v2\/product"}],"about":[{"href":"https:\/\/martinez-perfume.com\/en\/wp-json\/wp\/v2\/types\/product"}],"replies":[{"embeddable":true,"href":"https:\/\/martinez-perfume.com\/en\/wp-json\/wp\/v2\/comments?post=33103"}],"wp:featuredmedia":[{"embeddable":true,"href":"https:\/\/martinez-perfume.com\/en\/wp-json\/wp\/v2\/media\/33967"}],"wp:attachment":[{"href":"https:\/\/martinez-perfume.com\/en\/wp-json\/wp\/v2\/media?parent=33103"}],"wp:term":[{"taxonomy":"product_cat","embeddable":true,"href":"https:\/\/martinez-perfume.com\/en\/wp-json\/wp\/v2\/product_cat?post=33103"},{"taxonomy":"product_tag","embeddable":true,"href":"https:\/\/martinez-perfume.com\/en\/wp-json\/wp\/v2\/product_tag?post=33103"}],"curies":[{"name":"wp","href":"https:\/\/api.w.org\/{rel}","templated":true}]}}