{"id":32520,"date":"2021-03-12T17:15:38","date_gmt":"2021-03-12T15:15:38","guid":{"rendered":"https:\/\/martinez-perfume.com\/en\/martinez-candles\/"},"modified":"2021-07-22T16:04:36","modified_gmt":"2021-07-22T13:04:36","slug":"martinez-candles","status":"publish","type":"page","link":"https:\/\/martinez-perfume.com\/en\/martinez-candles\/?lang=es","title":{"rendered":"Velas arom\u00e1ticas"},"content":{"rendered":"<section class=\"wpb-content-wrapper\"><p>[vc_row][vc_column][vc_empty_space height=&#8221;50px&#8221;][vc_raw_html]JTNDY2VudGVyJTNFJTNDaDElM0VWZWxhcyUyME1hcnRpbmV6JTNDJTJGaDElM0UlM0MlMkZjZW50ZXIlM0U=[\/vc_raw_html][vc_empty_space height=&#8221;20px&#8221;][vc_column_text]<\/p>\n<p style=\"text-align: center;\">Las velas perfumadas est\u00e1n empaquetados a mano y hechos de cera de soja 100 % natural. Las composiciones de perfume se combinan especialmente con fragancias naturales, que sol\u00edan ser divinas, y tienen un efecto terap\u00e9utico sobre la piel. La mecha de madera es el motivo de su larga duraci\u00f3n de quemado.<\/p>\n<p>[\/vc_column_text][vc_empty_space height=&#8221;50px&#8221;][\/vc_column][\/vc_row][vc_row][vc_column]<div class=\"woocommerce columns-4 \"><ul class=\"nm-products products xsmall-block-grid-1 small-block-grid-2 medium-block-grid-3 large-block-grid-4 grid-default layout- attributes-position- has-action-links\">\r\n<li class=\"product type-product post-25825 status-publish first outofstock product_cat-for-home product_cat-martinez-candles has-post-thumbnail taxable shipping-taxable purchasable product-type-simple\" data-product-id=\"25825\">\r\n\t<div class=\"nm-shop-loop-product-wrap\">\r\n        \r\n        <div class=\"nm-shop-loop-thumbnail\">\r\n                        \r\n            <a href=\"https:\/\/martinez-perfume.com\/en\/product\/delirium-scented-candle\/\" class=\"nm-shop-loop-thumbnail-link woocommerce-LoopProduct-link\">\r\n            <img loading=\"lazy\" decoding=\"async\" src=\"https:\/\/martinez-perfume.com\/en\/wp-content\/themes\/savoy\/assets\/img\/placeholder.png\" data-src=\"https:\/\/martinez-perfume.com\/en\/wp-content\/uploads\/2021\/03\/919030_candlephotosresizeandretouch_1000x1000px_5_121120-350x350.jpg\" data-srcset=\"https:\/\/martinez-perfume.com\/en\/wp-content\/uploads\/2021\/03\/919030_candlephotosresizeandretouch_1000x1000px_5_121120-350x350.jpg 350w, https:\/\/martinez-perfume.com\/en\/wp-content\/uploads\/2021\/03\/919030_candlephotosresizeandretouch_1000x1000px_5_121120-150x150.jpg 150w, https:\/\/martinez-perfume.com\/en\/wp-content\/uploads\/2021\/03\/919030_candlephotosresizeandretouch_1000x1000px_5_121120-300x300.jpg 300w, https:\/\/martinez-perfume.com\/en\/wp-content\/uploads\/2021\/03\/919030_candlephotosresizeandretouch_1000x1000px_5_121120-768x768.jpg 768w, https:\/\/martinez-perfume.com\/en\/wp-content\/uploads\/2021\/03\/919030_candlephotosresizeandretouch_1000x1000px_5_121120-680x680.jpg 680w, https:\/\/martinez-perfume.com\/en\/wp-content\/uploads\/2021\/03\/919030_candlephotosresizeandretouch_1000x1000px_5_121120-100x100.jpg 100w, https:\/\/martinez-perfume.com\/en\/wp-content\/uploads\/2021\/03\/919030_candlephotosresizeandretouch_1000x1000px_5_121120.jpg 1000w\" alt=\"\" sizes=\"(max-width: 350px) 100vw, 350px\" width=\"350\" height=\"350\" class=\"attachment-woocommerce_thumbnail size-woocommerce_thumbnail wp-post-image  lazyload\" \/>            <\/a>\r\n        <\/div>\r\n        \r\n        <div class=\"nm-shop-loop-details\">\r\n            \r\n            <div class=\"nm-shop-loop-title-price\">\r\n            <h3 class=\"woocommerce-loop-product__title\"><a href=\"https:\/\/martinez-perfume.com\/en\/product\/delirium-scented-candle\/\" class=\"nm-shop-loop-title-link woocommerce-LoopProduct-link\">Delirium &#8211; scented candle<\/a><\/h3>\r\n\t<span class=\"price\"><span class=\"woocommerce-Price-amount amount\"><bdi>12.00<span class=\"woocommerce-Price-currencySymbol\">&euro;<\/span><\/bdi><\/span><\/span>\r\n            <\/div>\r\n\r\n            <div class=\"nm-shop-loop-actions\">\r\n            <a href=\"https:\/\/martinez-perfume.com\/en\/product\/delirium-scented-candle\/\" data-quantity=\"1\" class=\"button product_type_simple\" data-product_id=\"25825\" data-product_sku=\"2003\" aria-label=\"Read more about &ldquo;Delirium - scented candle&rdquo;\" aria-describedby=\"\" rel=\"nofollow\">Read more<\/a><a href=\"https:\/\/martinez-perfume.com\/en\/product\/delirium-scented-candle\/\" class=\"nm-quickview-btn\">Show more<\/a>            <\/div>\r\n        <\/div>\r\n        \r\n            <\/div>\r\n<\/li>\r\n<li class=\"product type-product post-25828 status-publish outofstock product_cat-for-home product_cat-martinez-candles has-post-thumbnail taxable shipping-taxable purchasable product-type-simple\" data-product-id=\"25828\">\r\n\t<div class=\"nm-shop-loop-product-wrap\">\r\n        \r\n        <div class=\"nm-shop-loop-thumbnail\">\r\n                        \r\n            <a href=\"https:\/\/martinez-perfume.com\/en\/product\/endless-scented-candle\/\" class=\"nm-shop-loop-thumbnail-link woocommerce-LoopProduct-link\">\r\n            <img loading=\"lazy\" decoding=\"async\" src=\"https:\/\/martinez-perfume.com\/en\/wp-content\/themes\/savoy\/assets\/img\/placeholder.png\" data-src=\"https:\/\/martinez-perfume.com\/en\/wp-content\/uploads\/2021\/03\/919030_candlephotosresizeandretouch_1000x1000px_3_121120-350x350.jpg\" data-srcset=\"https:\/\/martinez-perfume.com\/en\/wp-content\/uploads\/2021\/03\/919030_candlephotosresizeandretouch_1000x1000px_3_121120-350x350.jpg 350w, https:\/\/martinez-perfume.com\/en\/wp-content\/uploads\/2021\/03\/919030_candlephotosresizeandretouch_1000x1000px_3_121120-150x150.jpg 150w, https:\/\/martinez-perfume.com\/en\/wp-content\/uploads\/2021\/03\/919030_candlephotosresizeandretouch_1000x1000px_3_121120-300x300.jpg 300w, https:\/\/martinez-perfume.com\/en\/wp-content\/uploads\/2021\/03\/919030_candlephotosresizeandretouch_1000x1000px_3_121120-768x768.jpg 768w, https:\/\/martinez-perfume.com\/en\/wp-content\/uploads\/2021\/03\/919030_candlephotosresizeandretouch_1000x1000px_3_121120-680x680.jpg 680w, https:\/\/martinez-perfume.com\/en\/wp-content\/uploads\/2021\/03\/919030_candlephotosresizeandretouch_1000x1000px_3_121120-100x100.jpg 100w, https:\/\/martinez-perfume.com\/en\/wp-content\/uploads\/2021\/03\/919030_candlephotosresizeandretouch_1000x1000px_3_121120.jpg 1000w\" alt=\"\" sizes=\"(max-width: 350px) 100vw, 350px\" width=\"350\" height=\"350\" class=\"attachment-woocommerce_thumbnail size-woocommerce_thumbnail wp-post-image  lazyload\" \/>            <\/a>\r\n        <\/div>\r\n        \r\n        <div class=\"nm-shop-loop-details\">\r\n            \r\n            <div class=\"nm-shop-loop-title-price\">\r\n            <h3 class=\"woocommerce-loop-product__title\"><a href=\"https:\/\/martinez-perfume.com\/en\/product\/endless-scented-candle\/\" class=\"nm-shop-loop-title-link woocommerce-LoopProduct-link\">Endless &#8211; scented candle<\/a><\/h3>\r\n\t<span class=\"price\"><span class=\"woocommerce-Price-amount amount\"><bdi>12.00<span class=\"woocommerce-Price-currencySymbol\">&euro;<\/span><\/bdi><\/span><\/span>\r\n            <\/div>\r\n\r\n            <div class=\"nm-shop-loop-actions\">\r\n            <a href=\"https:\/\/martinez-perfume.com\/en\/product\/endless-scented-candle\/\" data-quantity=\"1\" class=\"button product_type_simple\" data-product_id=\"25828\" data-product_sku=\"2002\" aria-label=\"Read more about &ldquo;Endless - scented candle&rdquo;\" aria-describedby=\"\" rel=\"nofollow\">Read more<\/a><a href=\"https:\/\/martinez-perfume.com\/en\/product\/endless-scented-candle\/\" class=\"nm-quickview-btn\">Show more<\/a>            <\/div>\r\n        <\/div>\r\n        \r\n            <\/div>\r\n<\/li>\r\n<li class=\"product type-product post-25830 status-publish outofstock product_cat-for-home product_cat-martinez-candles has-post-thumbnail taxable shipping-taxable purchasable product-type-simple\" data-product-id=\"25830\">\r\n\t<div class=\"nm-shop-loop-product-wrap\">\r\n        \r\n        <div class=\"nm-shop-loop-thumbnail\">\r\n                        \r\n            <a href=\"https:\/\/martinez-perfume.com\/en\/product\/holly-jolly-scented-candle\/\" class=\"nm-shop-loop-thumbnail-link woocommerce-LoopProduct-link\">\r\n            <img loading=\"lazy\" decoding=\"async\" src=\"https:\/\/martinez-perfume.com\/en\/wp-content\/themes\/savoy\/assets\/img\/placeholder.png\" data-src=\"https:\/\/martinez-perfume.com\/en\/wp-content\/uploads\/2021\/03\/919030_candlephotosresizeandretouch_1000x1000px_4_121120-350x350.jpg\" data-srcset=\"https:\/\/martinez-perfume.com\/en\/wp-content\/uploads\/2021\/03\/919030_candlephotosresizeandretouch_1000x1000px_4_121120-350x350.jpg 350w, https:\/\/martinez-perfume.com\/en\/wp-content\/uploads\/2021\/03\/919030_candlephotosresizeandretouch_1000x1000px_4_121120-150x150.jpg 150w, https:\/\/martinez-perfume.com\/en\/wp-content\/uploads\/2021\/03\/919030_candlephotosresizeandretouch_1000x1000px_4_121120-300x300.jpg 300w, https:\/\/martinez-perfume.com\/en\/wp-content\/uploads\/2021\/03\/919030_candlephotosresizeandretouch_1000x1000px_4_121120-768x768.jpg 768w, https:\/\/martinez-perfume.com\/en\/wp-content\/uploads\/2021\/03\/919030_candlephotosresizeandretouch_1000x1000px_4_121120-680x680.jpg 680w, https:\/\/martinez-perfume.com\/en\/wp-content\/uploads\/2021\/03\/919030_candlephotosresizeandretouch_1000x1000px_4_121120-100x100.jpg 100w, https:\/\/martinez-perfume.com\/en\/wp-content\/uploads\/2021\/03\/919030_candlephotosresizeandretouch_1000x1000px_4_121120.jpg 1000w\" alt=\"\" sizes=\"(max-width: 350px) 100vw, 350px\" width=\"350\" height=\"350\" class=\"attachment-woocommerce_thumbnail size-woocommerce_thumbnail wp-post-image  lazyload\" \/>            <\/a>\r\n        <\/div>\r\n        \r\n        <div class=\"nm-shop-loop-details\">\r\n            \r\n            <div class=\"nm-shop-loop-title-price\">\r\n            <h3 class=\"woocommerce-loop-product__title\"><a href=\"https:\/\/martinez-perfume.com\/en\/product\/holly-jolly-scented-candle\/\" class=\"nm-shop-loop-title-link woocommerce-LoopProduct-link\">Holly Jolly &#8211; scented candle<\/a><\/h3>\r\n\t<span class=\"price\"><span class=\"woocommerce-Price-amount amount\"><bdi>12.00<span class=\"woocommerce-Price-currencySymbol\">&euro;<\/span><\/bdi><\/span><\/span>\r\n            <\/div>\r\n\r\n            <div class=\"nm-shop-loop-actions\">\r\n            <a href=\"https:\/\/martinez-perfume.com\/en\/product\/holly-jolly-scented-candle\/\" data-quantity=\"1\" class=\"button product_type_simple\" data-product_id=\"25830\" data-product_sku=\"2004\" aria-label=\"Read more about &ldquo;Holly Jolly - scented candle&rdquo;\" aria-describedby=\"\" rel=\"nofollow\">Read more<\/a><a href=\"https:\/\/martinez-perfume.com\/en\/product\/holly-jolly-scented-candle\/\" class=\"nm-quickview-btn\">Show more<\/a>            <\/div>\r\n        <\/div>\r\n        \r\n            <\/div>\r\n<\/li>\r\n<li class=\"product type-product post-25829 status-publish last outofstock product_cat-for-home product_cat-martinez-candles has-post-thumbnail taxable shipping-taxable purchasable product-type-simple\" data-product-id=\"25829\">\r\n\t<div class=\"nm-shop-loop-product-wrap\">\r\n        \r\n        <div class=\"nm-shop-loop-thumbnail\">\r\n                        \r\n            <a href=\"https:\/\/martinez-perfume.com\/en\/product\/magnifique-scented-candle\/\" class=\"nm-shop-loop-thumbnail-link woocommerce-LoopProduct-link\">\r\n            <img loading=\"lazy\" decoding=\"async\" src=\"https:\/\/martinez-perfume.com\/en\/wp-content\/themes\/savoy\/assets\/img\/placeholder.png\" data-src=\"https:\/\/martinez-perfume.com\/en\/wp-content\/uploads\/2021\/03\/919030_candlephotosresizeandretouch_1000x1000px_1_121120-350x350.jpg\" data-srcset=\"https:\/\/martinez-perfume.com\/en\/wp-content\/uploads\/2021\/03\/919030_candlephotosresizeandretouch_1000x1000px_1_121120-350x350.jpg 350w, https:\/\/martinez-perfume.com\/en\/wp-content\/uploads\/2021\/03\/919030_candlephotosresizeandretouch_1000x1000px_1_121120-150x150.jpg 150w, https:\/\/martinez-perfume.com\/en\/wp-content\/uploads\/2021\/03\/919030_candlephotosresizeandretouch_1000x1000px_1_121120-300x300.jpg 300w, https:\/\/martinez-perfume.com\/en\/wp-content\/uploads\/2021\/03\/919030_candlephotosresizeandretouch_1000x1000px_1_121120-768x768.jpg 768w, https:\/\/martinez-perfume.com\/en\/wp-content\/uploads\/2021\/03\/919030_candlephotosresizeandretouch_1000x1000px_1_121120-680x680.jpg 680w, https:\/\/martinez-perfume.com\/en\/wp-content\/uploads\/2021\/03\/919030_candlephotosresizeandretouch_1000x1000px_1_121120-100x100.jpg 100w, https:\/\/martinez-perfume.com\/en\/wp-content\/uploads\/2021\/03\/919030_candlephotosresizeandretouch_1000x1000px_1_121120.jpg 1000w\" alt=\"\" sizes=\"(max-width: 350px) 100vw, 350px\" width=\"350\" height=\"350\" class=\"attachment-woocommerce_thumbnail size-woocommerce_thumbnail wp-post-image  lazyload\" \/>            <\/a>\r\n        <\/div>\r\n        \r\n        <div class=\"nm-shop-loop-details\">\r\n            \r\n            <div class=\"nm-shop-loop-title-price\">\r\n            <h3 class=\"woocommerce-loop-product__title\"><a href=\"https:\/\/martinez-perfume.com\/en\/product\/magnifique-scented-candle\/\" class=\"nm-shop-loop-title-link woocommerce-LoopProduct-link\">Magnifique &#8211; scented candle<\/a><\/h3>\r\n\t<span class=\"price\"><span class=\"woocommerce-Price-amount amount\"><bdi>12.00<span class=\"woocommerce-Price-currencySymbol\">&euro;<\/span><\/bdi><\/span><\/span>\r\n            <\/div>\r\n\r\n            <div class=\"nm-shop-loop-actions\">\r\n            <a href=\"https:\/\/martinez-perfume.com\/en\/product\/magnifique-scented-candle\/\" data-quantity=\"1\" class=\"button product_type_simple\" data-product_id=\"25829\" data-product_sku=\"2001\" aria-label=\"Read more about &ldquo;Magnifique - scented candle&rdquo;\" aria-describedby=\"\" rel=\"nofollow\">Read more<\/a><a href=\"https:\/\/martinez-perfume.com\/en\/product\/magnifique-scented-candle\/\" class=\"nm-quickview-btn\">Show more<\/a>            <\/div>\r\n        <\/div>\r\n        \r\n            <\/div>\r\n<\/li>\r\n<li class=\"product type-product post-25824 status-publish first outofstock product_cat-for-home product_cat-martinez-candles has-post-thumbnail taxable shipping-taxable purchasable product-type-simple\" data-product-id=\"25824\">\r\n\t<div class=\"nm-shop-loop-product-wrap\">\r\n        \r\n        <div class=\"nm-shop-loop-thumbnail\">\r\n                        \r\n            <a href=\"https:\/\/martinez-perfume.com\/en\/product\/yoga-scented-candle\/\" class=\"nm-shop-loop-thumbnail-link woocommerce-LoopProduct-link\">\r\n            <img loading=\"lazy\" decoding=\"async\" src=\"https:\/\/martinez-perfume.com\/en\/wp-content\/themes\/savoy\/assets\/img\/placeholder.png\" data-src=\"https:\/\/martinez-perfume.com\/en\/wp-content\/uploads\/2021\/03\/919030_candlephotosresizeandretouch_1000x1000px_2_121120-350x350.jpg\" data-srcset=\"https:\/\/martinez-perfume.com\/en\/wp-content\/uploads\/2021\/03\/919030_candlephotosresizeandretouch_1000x1000px_2_121120-350x350.jpg 350w, https:\/\/martinez-perfume.com\/en\/wp-content\/uploads\/2021\/03\/919030_candlephotosresizeandretouch_1000x1000px_2_121120-150x150.jpg 150w, https:\/\/martinez-perfume.com\/en\/wp-content\/uploads\/2021\/03\/919030_candlephotosresizeandretouch_1000x1000px_2_121120-300x300.jpg 300w, https:\/\/martinez-perfume.com\/en\/wp-content\/uploads\/2021\/03\/919030_candlephotosresizeandretouch_1000x1000px_2_121120-768x768.jpg 768w, https:\/\/martinez-perfume.com\/en\/wp-content\/uploads\/2021\/03\/919030_candlephotosresizeandretouch_1000x1000px_2_121120-680x680.jpg 680w, https:\/\/martinez-perfume.com\/en\/wp-content\/uploads\/2021\/03\/919030_candlephotosresizeandretouch_1000x1000px_2_121120-100x100.jpg 100w, https:\/\/martinez-perfume.com\/en\/wp-content\/uploads\/2021\/03\/919030_candlephotosresizeandretouch_1000x1000px_2_121120.jpg 1000w\" alt=\"\" sizes=\"(max-width: 350px) 100vw, 350px\" width=\"350\" height=\"350\" class=\"attachment-woocommerce_thumbnail size-woocommerce_thumbnail wp-post-image  lazyload\" \/>            <\/a>\r\n        <\/div>\r\n        \r\n        <div class=\"nm-shop-loop-details\">\r\n            \r\n            <div class=\"nm-shop-loop-title-price\">\r\n            <h3 class=\"woocommerce-loop-product__title\"><a href=\"https:\/\/martinez-perfume.com\/en\/product\/yoga-scented-candle\/\" class=\"nm-shop-loop-title-link woocommerce-LoopProduct-link\">YOGA &#8211; scented candle<\/a><\/h3>\r\n\t<span class=\"price\"><span class=\"woocommerce-Price-amount amount\"><bdi>12.00<span class=\"woocommerce-Price-currencySymbol\">&euro;<\/span><\/bdi><\/span><\/span>\r\n            <\/div>\r\n\r\n            <div class=\"nm-shop-loop-actions\">\r\n            <a href=\"https:\/\/martinez-perfume.com\/en\/product\/yoga-scented-candle\/\" data-quantity=\"1\" class=\"button product_type_simple\" data-product_id=\"25824\" data-product_sku=\"2005\" aria-label=\"Read more about &ldquo;YOGA - scented candle&rdquo;\" aria-describedby=\"\" rel=\"nofollow\">Read more<\/a><a href=\"https:\/\/martinez-perfume.com\/en\/product\/yoga-scented-candle\/\" class=\"nm-quickview-btn\">Show more<\/a>            <\/div>\r\n        <\/div>\r\n        \r\n            <\/div>\r\n<\/li>\r\n<\/ul>\r\n<\/div>[\/vc_column][\/vc_row]<\/p>\n<\/section>","protected":false},"excerpt":{"rendered":"<p>[vc_row][vc_column][vc_empty_space height=&#8221;50px&#8221;][vc_raw_html]JTNDY2VudGVyJTNFJTNDaDElM0VWZWxhcyUyME1hcnRpbmV6JTNDJTJGaDElM0UlM0MlMkZjZW50ZXIlM0U=[\/vc_raw_html][vc_empty_space height=&#8221;20px&#8221;][vc_column_text] Las velas perfumadas est\u00e1n empaquetados a mano y hechos de cera de soja 100 % natural. Las composiciones de perfume se combinan especialmente con fragancias naturales, que sol\u00edan ser divinas, y tienen un efecto terap\u00e9utico sobre la piel. La mecha de madera es el motivo de su larga duraci\u00f3n de quemado. [\/vc_column_text][vc_empty_space &hellip;<\/p>\n","protected":false},"author":2,"featured_media":32521,"parent":0,"menu_order":0,"comment_status":"closed","ping_status":"closed","template":"","meta":{"_acf_changed":false,"_monsterinsights_skip_tracking":false,"_monsterinsights_sitenote_active":false,"_monsterinsights_sitenote_note":"","_monsterinsights_sitenote_category":0,"footnotes":""},"acf":[],"aioseo_notices":[],"_links":{"self":[{"href":"https:\/\/martinez-perfume.com\/en\/wp-json\/wp\/v2\/pages\/32520"}],"collection":[{"href":"https:\/\/martinez-perfume.com\/en\/wp-json\/wp\/v2\/pages"}],"about":[{"href":"https:\/\/martinez-perfume.com\/en\/wp-json\/wp\/v2\/types\/page"}],"author":[{"embeddable":true,"href":"https:\/\/martinez-perfume.com\/en\/wp-json\/wp\/v2\/users\/2"}],"replies":[{"embeddable":true,"href":"https:\/\/martinez-perfume.com\/en\/wp-json\/wp\/v2\/comments?post=32520"}],"version-history":[{"count":3,"href":"https:\/\/martinez-perfume.com\/en\/wp-json\/wp\/v2\/pages\/32520\/revisions"}],"predecessor-version":[{"id":33402,"href":"https:\/\/martinez-perfume.com\/en\/wp-json\/wp\/v2\/pages\/32520\/revisions\/33402"}],"wp:featuredmedia":[{"embeddable":true,"href":"https:\/\/martinez-perfume.com\/en\/wp-json\/wp\/v2\/media\/32521"}],"wp:attachment":[{"href":"https:\/\/martinez-perfume.com\/en\/wp-json\/wp\/v2\/media?parent=32520"}],"curies":[{"name":"wp","href":"https:\/\/api.w.org\/{rel}","templated":true}]}}