{"id":32511,"date":"2020-05-12T21:47:34","date_gmt":"2020-05-12T18:47:34","guid":{"rendered":"https:\/\/martinez-perfume.com\/en\/scentique-candles\/"},"modified":"2021-07-07T18:22:21","modified_gmt":"2021-07-07T15:22:21","slug":"scentique-candles","status":"publish","type":"page","link":"https:\/\/martinez-perfume.com\/en\/scentique-candles\/?lang=es","title":{"rendered":"Velas arom\u00e1ticas"},"content":{"rendered":"<section class=\"wpb-content-wrapper\"><p>[vc_row][vc_column][vc_empty_space height=&#8221;50px&#8221;][vc_raw_html]JTNDY2VudGVyJTNFJTNDaDElM0VTY2VudGlxdWUlMjBDYW5kbGVzJTNDJTJGaDElM0UlM0MlMkZjZW50ZXIlM0U=[\/vc_raw_html][vc_empty_space height=&#8221;20px&#8221;][vc_column_text]<\/p>\n<p style=\"text-align: center;\">Las velas perfumadas est\u00e1n empaquetados a mano y hechos de cera de soja 100 % natural. Las composiciones de perfume se combinan especialmente con fragancias naturales, que sol\u00edan ser divinas, y tienen un efecto terap\u00e9utico sobre la piel. La mecha de madera es el motivo de su larga duraci\u00f3n de quemado.<\/p>\n<p>[\/vc_column_text][vc_empty_space height=&#8221;50px&#8221;][\/vc_column][\/vc_row][vc_row][vc_column]<div class=\"woocommerce columns-4 \"><ul class=\"nm-products products xsmall-block-grid-1 small-block-grid-2 medium-block-grid-3 large-block-grid-4 grid-default layout- attributes-position- has-action-links\">\r\n<li class=\"product type-product post-1641 status-publish first outofstock product_cat-scentique-candles product_cat-aromatni-sveshhi product_tag-bakhour has-post-thumbnail taxable shipping-taxable purchasable product-type-simple\" data-product-id=\"1641\">\r\n\t<div class=\"nm-shop-loop-product-wrap\">\r\n        \r\n        <div class=\"nm-shop-loop-thumbnail\">\r\n                        \r\n            <a href=\"https:\/\/martinez-perfume.com\/en\/product\/bakhour\/\" class=\"nm-shop-loop-thumbnail-link woocommerce-LoopProduct-link\">\r\n            <img loading=\"lazy\" decoding=\"async\" src=\"https:\/\/martinez-perfume.com\/en\/wp-content\/themes\/savoy\/assets\/img\/placeholder.png\" data-src=\"https:\/\/martinez-perfume.com\/en\/wp-content\/uploads\/2020\/03\/bakhour-350x350.jpg\" data-srcset=\"https:\/\/martinez-perfume.com\/en\/wp-content\/uploads\/2020\/03\/bakhour-350x350.jpg 350w, https:\/\/martinez-perfume.com\/en\/wp-content\/uploads\/2020\/03\/bakhour-150x150.jpg 150w, https:\/\/martinez-perfume.com\/en\/wp-content\/uploads\/2020\/03\/bakhour-300x300.jpg 300w, https:\/\/martinez-perfume.com\/en\/wp-content\/uploads\/2020\/03\/bakhour-768x768.jpg 768w, https:\/\/martinez-perfume.com\/en\/wp-content\/uploads\/2020\/03\/bakhour-1024x1024.jpg 1024w, https:\/\/martinez-perfume.com\/en\/wp-content\/uploads\/2020\/03\/bakhour-680x680.jpg 680w, https:\/\/martinez-perfume.com\/en\/wp-content\/uploads\/2020\/03\/bakhour-100x100.jpg 100w, https:\/\/martinez-perfume.com\/en\/wp-content\/uploads\/2020\/03\/bakhour-64x64.jpg 64w, https:\/\/martinez-perfume.com\/en\/wp-content\/uploads\/2020\/03\/bakhour.jpg 1080w\" alt=\"\" sizes=\"(max-width: 350px) 100vw, 350px\" width=\"350\" height=\"350\" class=\"attachment-woocommerce_thumbnail size-woocommerce_thumbnail wp-post-image  lazyload\" \/>            <\/a>\r\n        <\/div>\r\n        \r\n        <div class=\"nm-shop-loop-details\">\r\n            \r\n            <div class=\"nm-shop-loop-title-price\">\r\n            <h3 class=\"woocommerce-loop-product__title\"><a href=\"https:\/\/martinez-perfume.com\/en\/product\/bakhour\/\" class=\"nm-shop-loop-title-link woocommerce-LoopProduct-link\">BAKHOUR<\/a><\/h3>\r\n\t<span class=\"price\"><span class=\"woocommerce-Price-amount amount\"><bdi>28.00<span class=\"woocommerce-Price-currencySymbol\">&euro;<\/span><\/bdi><\/span><\/span>\r\n            <\/div>\r\n\r\n            <div class=\"nm-shop-loop-actions\">\r\n            <a href=\"https:\/\/martinez-perfume.com\/en\/product\/bakhour\/\" data-quantity=\"1\" class=\"button product_type_simple\" data-product_id=\"1641\" data-product_sku=\"SC6\" aria-label=\"Read more about &ldquo;BAKHOUR&rdquo;\" aria-describedby=\"\" rel=\"nofollow\">Read more<\/a><a href=\"https:\/\/martinez-perfume.com\/en\/product\/bakhour\/\" class=\"nm-quickview-btn\">Show more<\/a>            <\/div>\r\n        <\/div>\r\n        \r\n            <\/div>\r\n<\/li>\r\n<li class=\"product type-product post-1656 status-publish outofstock product_cat-scentique-candles product_cat-aromatni-sveshhi product_tag-delicious-cupcake has-post-thumbnail taxable shipping-taxable purchasable product-type-simple\" data-product-id=\"1656\">\r\n\t<div class=\"nm-shop-loop-product-wrap\">\r\n        \r\n        <div class=\"nm-shop-loop-thumbnail\">\r\n                        \r\n            <a href=\"https:\/\/martinez-perfume.com\/en\/product\/delicious-cupcake\/\" class=\"nm-shop-loop-thumbnail-link woocommerce-LoopProduct-link\">\r\n            <img loading=\"lazy\" decoding=\"async\" src=\"https:\/\/martinez-perfume.com\/en\/wp-content\/themes\/savoy\/assets\/img\/placeholder.png\" data-src=\"https:\/\/martinez-perfume.com\/en\/wp-content\/uploads\/2020\/03\/delicious_cupcake-350x350.jpg\" data-srcset=\"https:\/\/martinez-perfume.com\/en\/wp-content\/uploads\/2020\/03\/delicious_cupcake-350x350.jpg 350w, https:\/\/martinez-perfume.com\/en\/wp-content\/uploads\/2020\/03\/delicious_cupcake-150x150.jpg 150w, https:\/\/martinez-perfume.com\/en\/wp-content\/uploads\/2020\/03\/delicious_cupcake-300x300.jpg 300w, https:\/\/martinez-perfume.com\/en\/wp-content\/uploads\/2020\/03\/delicious_cupcake-768x768.jpg 768w, https:\/\/martinez-perfume.com\/en\/wp-content\/uploads\/2020\/03\/delicious_cupcake-1024x1024.jpg 1024w, https:\/\/martinez-perfume.com\/en\/wp-content\/uploads\/2020\/03\/delicious_cupcake-680x680.jpg 680w, https:\/\/martinez-perfume.com\/en\/wp-content\/uploads\/2020\/03\/delicious_cupcake-100x100.jpg 100w, https:\/\/martinez-perfume.com\/en\/wp-content\/uploads\/2020\/03\/delicious_cupcake-64x64.jpg 64w, https:\/\/martinez-perfume.com\/en\/wp-content\/uploads\/2020\/03\/delicious_cupcake.jpg 1080w\" alt=\"\" sizes=\"(max-width: 350px) 100vw, 350px\" width=\"350\" height=\"350\" class=\"attachment-woocommerce_thumbnail size-woocommerce_thumbnail wp-post-image  lazyload\" \/>            <\/a>\r\n        <\/div>\r\n        \r\n        <div class=\"nm-shop-loop-details\">\r\n            \r\n            <div class=\"nm-shop-loop-title-price\">\r\n            <h3 class=\"woocommerce-loop-product__title\"><a href=\"https:\/\/martinez-perfume.com\/en\/product\/delicious-cupcake\/\" class=\"nm-shop-loop-title-link woocommerce-LoopProduct-link\">DELICIOUS CUPCAKE<\/a><\/h3>\r\n\t<span class=\"price\"><span class=\"woocommerce-Price-amount amount\"><bdi>28.00<span class=\"woocommerce-Price-currencySymbol\">&euro;<\/span><\/bdi><\/span><\/span>\r\n            <\/div>\r\n\r\n            <div class=\"nm-shop-loop-actions\">\r\n            <a href=\"https:\/\/martinez-perfume.com\/en\/product\/delicious-cupcake\/\" data-quantity=\"1\" class=\"button product_type_simple\" data-product_id=\"1656\" data-product_sku=\"SC3\" aria-label=\"Read more about &ldquo;DELICIOUS CUPCAKE&rdquo;\" aria-describedby=\"\" rel=\"nofollow\">Read more<\/a><a href=\"https:\/\/martinez-perfume.com\/en\/product\/delicious-cupcake\/\" class=\"nm-quickview-btn\">Show more<\/a>            <\/div>\r\n        <\/div>\r\n        \r\n            <\/div>\r\n<\/li>\r\n<li class=\"product type-product post-1658 status-publish outofstock product_cat-aromatni-sveshhi product_cat-scentique-candles product_tag-fleurs-blanches has-post-thumbnail taxable shipping-taxable purchasable product-type-simple\" data-product-id=\"1658\">\r\n\t<div class=\"nm-shop-loop-product-wrap\">\r\n        \r\n        <div class=\"nm-shop-loop-thumbnail\">\r\n                        \r\n            <a href=\"https:\/\/martinez-perfume.com\/en\/product\/fleurs-blanches\/\" class=\"nm-shop-loop-thumbnail-link woocommerce-LoopProduct-link\">\r\n            <img loading=\"lazy\" decoding=\"async\" src=\"https:\/\/martinez-perfume.com\/en\/wp-content\/themes\/savoy\/assets\/img\/placeholder.png\" data-src=\"https:\/\/martinez-perfume.com\/en\/wp-content\/uploads\/2020\/03\/fleurs_blanches-350x350.jpg\" data-srcset=\"https:\/\/martinez-perfume.com\/en\/wp-content\/uploads\/2020\/03\/fleurs_blanches-350x350.jpg 350w, https:\/\/martinez-perfume.com\/en\/wp-content\/uploads\/2020\/03\/fleurs_blanches-150x150.jpg 150w, https:\/\/martinez-perfume.com\/en\/wp-content\/uploads\/2020\/03\/fleurs_blanches-300x300.jpg 300w, https:\/\/martinez-perfume.com\/en\/wp-content\/uploads\/2020\/03\/fleurs_blanches-768x768.jpg 768w, https:\/\/martinez-perfume.com\/en\/wp-content\/uploads\/2020\/03\/fleurs_blanches-1024x1024.jpg 1024w, https:\/\/martinez-perfume.com\/en\/wp-content\/uploads\/2020\/03\/fleurs_blanches-680x680.jpg 680w, https:\/\/martinez-perfume.com\/en\/wp-content\/uploads\/2020\/03\/fleurs_blanches-100x100.jpg 100w, https:\/\/martinez-perfume.com\/en\/wp-content\/uploads\/2020\/03\/fleurs_blanches-64x64.jpg 64w, https:\/\/martinez-perfume.com\/en\/wp-content\/uploads\/2020\/03\/fleurs_blanches.jpg 1080w\" alt=\"\" sizes=\"(max-width: 350px) 100vw, 350px\" width=\"350\" height=\"350\" class=\"attachment-woocommerce_thumbnail size-woocommerce_thumbnail wp-post-image  lazyload\" \/>            <\/a>\r\n        <\/div>\r\n        \r\n        <div class=\"nm-shop-loop-details\">\r\n            \r\n            <div class=\"nm-shop-loop-title-price\">\r\n            <h3 class=\"woocommerce-loop-product__title\"><a href=\"https:\/\/martinez-perfume.com\/en\/product\/fleurs-blanches\/\" class=\"nm-shop-loop-title-link woocommerce-LoopProduct-link\">FLEURS BLANCHES<\/a><\/h3>\r\n\t<span class=\"price\"><span class=\"woocommerce-Price-amount amount\"><bdi>28.00<span class=\"woocommerce-Price-currencySymbol\">&euro;<\/span><\/bdi><\/span><\/span>\r\n            <\/div>\r\n\r\n            <div class=\"nm-shop-loop-actions\">\r\n            <a href=\"https:\/\/martinez-perfume.com\/en\/product\/fleurs-blanches\/\" data-quantity=\"1\" class=\"button product_type_simple\" data-product_id=\"1658\" data-product_sku=\"SC2\" aria-label=\"Read more about &ldquo;FLEURS BLANCHES&rdquo;\" aria-describedby=\"\" rel=\"nofollow\">Read more<\/a><a href=\"https:\/\/martinez-perfume.com\/en\/product\/fleurs-blanches\/\" class=\"nm-quickview-btn\">Show more<\/a>            <\/div>\r\n        <\/div>\r\n        \r\n            <\/div>\r\n<\/li>\r\n<li class=\"product type-product post-1654 status-publish last outofstock product_cat-aromatni-sveshhi product_cat-scentique-candles product_tag-indulgent-vanilla has-post-thumbnail taxable shipping-taxable purchasable product-type-simple\" data-product-id=\"1654\">\r\n\t<div class=\"nm-shop-loop-product-wrap\">\r\n        \r\n        <div class=\"nm-shop-loop-thumbnail\">\r\n                        \r\n            <a href=\"https:\/\/martinez-perfume.com\/en\/product\/indulgent-vanilla\/\" class=\"nm-shop-loop-thumbnail-link woocommerce-LoopProduct-link\">\r\n            <img loading=\"lazy\" decoding=\"async\" src=\"https:\/\/martinez-perfume.com\/en\/wp-content\/themes\/savoy\/assets\/img\/placeholder.png\" data-src=\"https:\/\/martinez-perfume.com\/en\/wp-content\/uploads\/2020\/03\/indulgent_vanilla-350x350.jpg\" data-srcset=\"https:\/\/martinez-perfume.com\/en\/wp-content\/uploads\/2020\/03\/indulgent_vanilla-350x350.jpg 350w, https:\/\/martinez-perfume.com\/en\/wp-content\/uploads\/2020\/03\/indulgent_vanilla-150x150.jpg 150w, https:\/\/martinez-perfume.com\/en\/wp-content\/uploads\/2020\/03\/indulgent_vanilla-300x300.jpg 300w, https:\/\/martinez-perfume.com\/en\/wp-content\/uploads\/2020\/03\/indulgent_vanilla-768x768.jpg 768w, https:\/\/martinez-perfume.com\/en\/wp-content\/uploads\/2020\/03\/indulgent_vanilla-1024x1024.jpg 1024w, https:\/\/martinez-perfume.com\/en\/wp-content\/uploads\/2020\/03\/indulgent_vanilla-680x680.jpg 680w, https:\/\/martinez-perfume.com\/en\/wp-content\/uploads\/2020\/03\/indulgent_vanilla-100x100.jpg 100w, https:\/\/martinez-perfume.com\/en\/wp-content\/uploads\/2020\/03\/indulgent_vanilla-64x64.jpg 64w, https:\/\/martinez-perfume.com\/en\/wp-content\/uploads\/2020\/03\/indulgent_vanilla.jpg 1080w\" alt=\"\" sizes=\"(max-width: 350px) 100vw, 350px\" width=\"350\" height=\"350\" class=\"attachment-woocommerce_thumbnail size-woocommerce_thumbnail wp-post-image  lazyload\" \/>            <\/a>\r\n        <\/div>\r\n        \r\n        <div class=\"nm-shop-loop-details\">\r\n            \r\n            <div class=\"nm-shop-loop-title-price\">\r\n            <h3 class=\"woocommerce-loop-product__title\"><a href=\"https:\/\/martinez-perfume.com\/en\/product\/indulgent-vanilla\/\" class=\"nm-shop-loop-title-link woocommerce-LoopProduct-link\">INDULGENT VANILLA<\/a><\/h3>\r\n\t<span class=\"price\"><span class=\"woocommerce-Price-amount amount\"><bdi>28.00<span class=\"woocommerce-Price-currencySymbol\">&euro;<\/span><\/bdi><\/span><\/span>\r\n            <\/div>\r\n\r\n            <div class=\"nm-shop-loop-actions\">\r\n            <a href=\"https:\/\/martinez-perfume.com\/en\/product\/indulgent-vanilla\/\" data-quantity=\"1\" class=\"button product_type_simple\" data-product_id=\"1654\" data-product_sku=\"SC4\" aria-label=\"Read more about &ldquo;INDULGENT VANILLA&rdquo;\" aria-describedby=\"\" rel=\"nofollow\">Read more<\/a><a href=\"https:\/\/martinez-perfume.com\/en\/product\/indulgent-vanilla\/\" class=\"nm-quickview-btn\">Show more<\/a>            <\/div>\r\n        <\/div>\r\n        \r\n            <\/div>\r\n<\/li>\r\n<li class=\"product type-product post-1651 status-publish first outofstock product_cat-aromatni-sveshhi product_cat-scentique-candles product_tag-moonlit-blossoms has-post-thumbnail taxable shipping-taxable purchasable product-type-simple\" data-product-id=\"1651\">\r\n\t<div class=\"nm-shop-loop-product-wrap\">\r\n        \r\n        <div class=\"nm-shop-loop-thumbnail\">\r\n                        \r\n            <a href=\"https:\/\/martinez-perfume.com\/en\/product\/moonlit-blossoms\/\" class=\"nm-shop-loop-thumbnail-link woocommerce-LoopProduct-link\">\r\n            <img loading=\"lazy\" decoding=\"async\" src=\"https:\/\/martinez-perfume.com\/en\/wp-content\/themes\/savoy\/assets\/img\/placeholder.png\" data-src=\"https:\/\/martinez-perfume.com\/en\/wp-content\/uploads\/2020\/03\/moonlit_blossoms-350x350.jpg\" data-srcset=\"https:\/\/martinez-perfume.com\/en\/wp-content\/uploads\/2020\/03\/moonlit_blossoms-350x350.jpg 350w, https:\/\/martinez-perfume.com\/en\/wp-content\/uploads\/2020\/03\/moonlit_blossoms-150x150.jpg 150w, https:\/\/martinez-perfume.com\/en\/wp-content\/uploads\/2020\/03\/moonlit_blossoms-300x300.jpg 300w, https:\/\/martinez-perfume.com\/en\/wp-content\/uploads\/2020\/03\/moonlit_blossoms-768x768.jpg 768w, https:\/\/martinez-perfume.com\/en\/wp-content\/uploads\/2020\/03\/moonlit_blossoms-1024x1024.jpg 1024w, https:\/\/martinez-perfume.com\/en\/wp-content\/uploads\/2020\/03\/moonlit_blossoms-680x680.jpg 680w, https:\/\/martinez-perfume.com\/en\/wp-content\/uploads\/2020\/03\/moonlit_blossoms-100x100.jpg 100w, https:\/\/martinez-perfume.com\/en\/wp-content\/uploads\/2020\/03\/moonlit_blossoms-64x64.jpg 64w, https:\/\/martinez-perfume.com\/en\/wp-content\/uploads\/2020\/03\/moonlit_blossoms.jpg 1080w\" alt=\"\" sizes=\"(max-width: 350px) 100vw, 350px\" width=\"350\" height=\"350\" class=\"attachment-woocommerce_thumbnail size-woocommerce_thumbnail wp-post-image  lazyload\" \/>            <\/a>\r\n        <\/div>\r\n        \r\n        <div class=\"nm-shop-loop-details\">\r\n            \r\n            <div class=\"nm-shop-loop-title-price\">\r\n            <h3 class=\"woocommerce-loop-product__title\"><a href=\"https:\/\/martinez-perfume.com\/en\/product\/moonlit-blossoms\/\" class=\"nm-shop-loop-title-link woocommerce-LoopProduct-link\">MOONLIT BLOSSOMS<\/a><\/h3>\r\n\t<span class=\"price\"><span class=\"woocommerce-Price-amount amount\"><bdi>28.00<span class=\"woocommerce-Price-currencySymbol\">&euro;<\/span><\/bdi><\/span><\/span>\r\n            <\/div>\r\n\r\n            <div class=\"nm-shop-loop-actions\">\r\n            <a href=\"https:\/\/martinez-perfume.com\/en\/product\/moonlit-blossoms\/\" data-quantity=\"1\" class=\"button product_type_simple\" data-product_id=\"1651\" data-product_sku=\"SC5\" aria-label=\"Read more about &ldquo;MOONLIT BLOSSOMS&rdquo;\" aria-describedby=\"\" rel=\"nofollow\">Read more<\/a><a href=\"https:\/\/martinez-perfume.com\/en\/product\/moonlit-blossoms\/\" class=\"nm-quickview-btn\">Show more<\/a>            <\/div>\r\n        <\/div>\r\n        \r\n            <\/div>\r\n<\/li>\r\n<li class=\"product type-product post-1662 status-publish outofstock product_cat-aromatni-sveshhi product_cat-scentique-candles product_tag-patchouli-leaf-and-oud has-post-thumbnail taxable shipping-taxable purchasable product-type-simple\" data-product-id=\"1662\">\r\n\t<div class=\"nm-shop-loop-product-wrap\">\r\n        \r\n        <div class=\"nm-shop-loop-thumbnail\">\r\n                        \r\n            <a href=\"https:\/\/martinez-perfume.com\/en\/product\/patchouli-leaf-and-oud\/\" class=\"nm-shop-loop-thumbnail-link woocommerce-LoopProduct-link\">\r\n            <img loading=\"lazy\" decoding=\"async\" src=\"https:\/\/martinez-perfume.com\/en\/wp-content\/themes\/savoy\/assets\/img\/placeholder.png\" data-src=\"https:\/\/martinez-perfume.com\/en\/wp-content\/uploads\/2020\/03\/patchouli-350x350.jpg\" data-srcset=\"https:\/\/martinez-perfume.com\/en\/wp-content\/uploads\/2020\/03\/patchouli-350x350.jpg 350w, https:\/\/martinez-perfume.com\/en\/wp-content\/uploads\/2020\/03\/patchouli-150x150.jpg 150w, https:\/\/martinez-perfume.com\/en\/wp-content\/uploads\/2020\/03\/patchouli-300x300.jpg 300w, https:\/\/martinez-perfume.com\/en\/wp-content\/uploads\/2020\/03\/patchouli-768x768.jpg 768w, https:\/\/martinez-perfume.com\/en\/wp-content\/uploads\/2020\/03\/patchouli-1024x1024.jpg 1024w, https:\/\/martinez-perfume.com\/en\/wp-content\/uploads\/2020\/03\/patchouli-680x680.jpg 680w, https:\/\/martinez-perfume.com\/en\/wp-content\/uploads\/2020\/03\/patchouli-100x100.jpg 100w, https:\/\/martinez-perfume.com\/en\/wp-content\/uploads\/2020\/03\/patchouli-64x64.jpg 64w, https:\/\/martinez-perfume.com\/en\/wp-content\/uploads\/2020\/03\/patchouli.jpg 1080w\" alt=\"\" sizes=\"(max-width: 350px) 100vw, 350px\" width=\"350\" height=\"350\" class=\"attachment-woocommerce_thumbnail size-woocommerce_thumbnail wp-post-image  lazyload\" \/>            <\/a>\r\n        <\/div>\r\n        \r\n        <div class=\"nm-shop-loop-details\">\r\n            \r\n            <div class=\"nm-shop-loop-title-price\">\r\n            <h3 class=\"woocommerce-loop-product__title\"><a href=\"https:\/\/martinez-perfume.com\/en\/product\/patchouli-leaf-and-oud\/\" class=\"nm-shop-loop-title-link woocommerce-LoopProduct-link\">PATCHOULI LEAF AND OUD<\/a><\/h3>\r\n\t<span class=\"price\"><span class=\"woocommerce-Price-amount amount\"><bdi>28.00<span class=\"woocommerce-Price-currencySymbol\">&euro;<\/span><\/bdi><\/span><\/span>\r\n            <\/div>\r\n\r\n            <div class=\"nm-shop-loop-actions\">\r\n            <a href=\"https:\/\/martinez-perfume.com\/en\/product\/patchouli-leaf-and-oud\/\" data-quantity=\"1\" class=\"button product_type_simple\" data-product_id=\"1662\" data-product_sku=\"SC1\" aria-label=\"Read more about &ldquo;PATCHOULI LEAF AND OUD&rdquo;\" aria-describedby=\"\" rel=\"nofollow\">Read more<\/a><a href=\"https:\/\/martinez-perfume.com\/en\/product\/patchouli-leaf-and-oud\/\" class=\"nm-quickview-btn\">Show more<\/a>            <\/div>\r\n        <\/div>\r\n        \r\n            <\/div>\r\n<\/li>\r\n<li class=\"product type-product post-1660 status-publish outofstock product_cat-scentique-candles product_cat-aromatni-sveshhi product_tag-sweet-mango-and-honeydew has-post-thumbnail taxable shipping-taxable purchasable product-type-simple\" data-product-id=\"1660\">\r\n\t<div class=\"nm-shop-loop-product-wrap\">\r\n        \r\n        <div class=\"nm-shop-loop-thumbnail\">\r\n                        \r\n            <a href=\"https:\/\/martinez-perfume.com\/en\/product\/sweet-mango-and-honeydew\/\" class=\"nm-shop-loop-thumbnail-link woocommerce-LoopProduct-link\">\r\n            <img loading=\"lazy\" decoding=\"async\" src=\"https:\/\/martinez-perfume.com\/en\/wp-content\/themes\/savoy\/assets\/img\/placeholder.png\" data-src=\"https:\/\/martinez-perfume.com\/en\/wp-content\/uploads\/2020\/03\/sweet_mango-350x350.jpg\" data-srcset=\"https:\/\/martinez-perfume.com\/en\/wp-content\/uploads\/2020\/03\/sweet_mango-350x350.jpg 350w, https:\/\/martinez-perfume.com\/en\/wp-content\/uploads\/2020\/03\/sweet_mango-150x150.jpg 150w, https:\/\/martinez-perfume.com\/en\/wp-content\/uploads\/2020\/03\/sweet_mango-300x300.jpg 300w, https:\/\/martinez-perfume.com\/en\/wp-content\/uploads\/2020\/03\/sweet_mango-768x768.jpg 768w, https:\/\/martinez-perfume.com\/en\/wp-content\/uploads\/2020\/03\/sweet_mango-1024x1024.jpg 1024w, https:\/\/martinez-perfume.com\/en\/wp-content\/uploads\/2020\/03\/sweet_mango-680x680.jpg 680w, https:\/\/martinez-perfume.com\/en\/wp-content\/uploads\/2020\/03\/sweet_mango-100x100.jpg 100w, https:\/\/martinez-perfume.com\/en\/wp-content\/uploads\/2020\/03\/sweet_mango-64x64.jpg 64w, https:\/\/martinez-perfume.com\/en\/wp-content\/uploads\/2020\/03\/sweet_mango.jpg 1080w\" alt=\"\" sizes=\"(max-width: 350px) 100vw, 350px\" width=\"350\" height=\"350\" class=\"attachment-woocommerce_thumbnail size-woocommerce_thumbnail wp-post-image  lazyload\" \/>            <\/a>\r\n        <\/div>\r\n        \r\n        <div class=\"nm-shop-loop-details\">\r\n            \r\n            <div class=\"nm-shop-loop-title-price\">\r\n            <h3 class=\"woocommerce-loop-product__title\"><a href=\"https:\/\/martinez-perfume.com\/en\/product\/sweet-mango-and-honeydew\/\" class=\"nm-shop-loop-title-link woocommerce-LoopProduct-link\">SWEET MANGO AND HONEYDEW<\/a><\/h3>\r\n\t<span class=\"price\"><span class=\"woocommerce-Price-amount amount\"><bdi>28.00<span class=\"woocommerce-Price-currencySymbol\">&euro;<\/span><\/bdi><\/span><\/span>\r\n            <\/div>\r\n\r\n            <div class=\"nm-shop-loop-actions\">\r\n            <a href=\"https:\/\/martinez-perfume.com\/en\/product\/sweet-mango-and-honeydew\/\" data-quantity=\"1\" class=\"button product_type_simple\" data-product_id=\"1660\" data-product_sku=\"velas aromaticas SWEET MANGO AND HONEYDEW\" aria-label=\"Read more about &ldquo;SWEET MANGO AND HONEYDEW&rdquo;\" aria-describedby=\"\" rel=\"nofollow\">Read more<\/a><a href=\"https:\/\/martinez-perfume.com\/en\/product\/sweet-mango-and-honeydew\/\" class=\"nm-quickview-btn\">Show more<\/a>            <\/div>\r\n        <\/div>\r\n        \r\n            <\/div>\r\n<\/li>\r\n<\/ul>\r\n<\/div>[\/vc_column][\/vc_row]<\/p>\n<\/section>","protected":false},"excerpt":{"rendered":"<p>[vc_row][vc_column][vc_empty_space height=&#8221;50px&#8221;][vc_raw_html]JTNDY2VudGVyJTNFJTNDaDElM0VTY2VudGlxdWUlMjBDYW5kbGVzJTNDJTJGaDElM0UlM0MlMkZjZW50ZXIlM0U=[\/vc_raw_html][vc_empty_space height=&#8221;20px&#8221;][vc_column_text] Las velas perfumadas est\u00e1n empaquetados a mano y hechos de cera de soja 100 % natural. Las composiciones de perfume se combinan especialmente con fragancias naturales, que sol\u00edan ser divinas, y tienen un efecto terap\u00e9utico sobre la piel. La mecha de madera es el motivo de su larga duraci\u00f3n de quemado. [\/vc_column_text][vc_empty_space &hellip;<\/p>\n","protected":false},"author":2,"featured_media":32512,"parent":0,"menu_order":0,"comment_status":"closed","ping_status":"closed","template":"","meta":{"_acf_changed":false,"_monsterinsights_skip_tracking":false,"_monsterinsights_sitenote_active":false,"_monsterinsights_sitenote_note":"","_monsterinsights_sitenote_category":0,"footnotes":""},"acf":[],"aioseo_notices":[],"_links":{"self":[{"href":"https:\/\/martinez-perfume.com\/en\/wp-json\/wp\/v2\/pages\/32511"}],"collection":[{"href":"https:\/\/martinez-perfume.com\/en\/wp-json\/wp\/v2\/pages"}],"about":[{"href":"https:\/\/martinez-perfume.com\/en\/wp-json\/wp\/v2\/types\/page"}],"author":[{"embeddable":true,"href":"https:\/\/martinez-perfume.com\/en\/wp-json\/wp\/v2\/users\/2"}],"replies":[{"embeddable":true,"href":"https:\/\/martinez-perfume.com\/en\/wp-json\/wp\/v2\/comments?post=32511"}],"version-history":[{"count":2,"href":"https:\/\/martinez-perfume.com\/en\/wp-json\/wp\/v2\/pages\/32511\/revisions"}],"predecessor-version":[{"id":32514,"href":"https:\/\/martinez-perfume.com\/en\/wp-json\/wp\/v2\/pages\/32511\/revisions\/32514"}],"wp:featuredmedia":[{"embeddable":true,"href":"https:\/\/martinez-perfume.com\/en\/wp-json\/wp\/v2\/media\/32512"}],"wp:attachment":[{"href":"https:\/\/martinez-perfume.com\/en\/wp-json\/wp\/v2\/media?parent=32511"}],"curies":[{"name":"wp","href":"https:\/\/api.w.org\/{rel}","templated":true}]}}