{"id":32488,"date":"2015-08-12T12:07:32","date_gmt":"2015-08-12T09:07:32","guid":{"rendered":"https:\/\/martinez-perfume.com\/en\/poveritelnost\/"},"modified":"2021-07-09T13:05:34","modified_gmt":"2021-07-09T10:05:34","slug":"confidencialidad-de-los-datos","status":"publish","type":"page","link":"https:\/\/martinez-perfume.com\/en\/confidencialidad-de-los-datos\/?lang=es","title":{"rendered":"Confidencialidad de los datos"},"content":{"rendered":"<section class=\"wpb-content-wrapper\"><p>[vc_row][vc_column][vc_column_text]<\/p>\n<p style=\"text-align: center;\"><strong>Pol\u00edtica de Privacidad<\/strong><\/p>\n<p>[\/vc_column_text][vc_column_text]<\/p>\n<div class=\"title\">\n<section class=\"elementor-element elementor-element-e62c521 elementor-section-boxed elementor-section-height-default elementor-section-height-default elementor-section elementor-top-section\" data-id=\"e62c521\" data-element_type=\"section\">\n<div class=\"elementor-container elementor-column-gap-default\">\n<div class=\"elementor-row\">\n<div class=\"elementor-element elementor-element-2a45923 elementor-column elementor-col-100 elementor-top-column\" data-id=\"2a45923\" data-element_type=\"column\">\n<div class=\"elementor-column-wrap elementor-element-populated\">\n<div class=\"elementor-widget-wrap\">\n<div class=\"elementor-element elementor-element-e154cbf elementor-widget elementor-widget-heading\" data-id=\"e154cbf\" data-element_type=\"widget\" data-widget_type=\"heading.default\">\n<div class=\"elementor-widget-container\">\n<p><b>Pol\u00edtica de Privacidad<\/b><\/p>\n<p><b>Bienvenido a nuestra Pol\u00edtica de Privacidad<\/b><\/p>\n<p><b>Su privacidad es importante para nosotros.<\/b><\/p>\n<p>MARTINEZ BOUTIQUE ltd se encuentra en:<\/p>\n<p><i>Bulgaria, blvd Pridunavski 20<\/i><\/p>\n<p><i>7000 &#8211; Ruse , Bulgaria<\/i><\/p>\n<p><i>447520642000<\/i><\/p>\n<p>Es pol\u00edtica de MARTINEZ BOUTIQUE ltd el respetar su privacidad con respecto a cualquier informaci\u00f3n que podamos recopilar mientras operemos nuestro sitio web. Esta Pol\u00edtica de Privacidad se aplica a (hereinafter, \u201cus\u201d, \u201cwe\u201d, or \u201chttps:\/\/martinez-perfume.com\/en\u201d). Respetamos su privacidad y nos comprometemos a proteger la informaci\u00f3n de identificaci\u00f3n personal que pueda proporcionarnos a trav\u00e9s del sitio web. Hemos adoptado esta pol\u00edtica de privacidad (\u201cPol\u00edtica de Privacidad\u201d) para explicar qu\u00e9 informaci\u00f3n se puede recopilar en nuestro sitio web, c\u00f3mo usamos esta informaci\u00f3n y bajo qu\u00e9 circunstancias podemos divulgar la informaci\u00f3n a terceros. Esta Pol\u00edtica de Privacidad se aplica solo a la informaci\u00f3n que conseguimos a trav\u00e9s del sitio web y no se aplica a nuestra recopilaci\u00f3n de informaci\u00f3n de otras fuentes.<\/p>\n<p>Esta Pol\u00edtica de Privacidad, junto a los T\u00e9rminos y condiciones publicados en nuestro sitio web, establecen las reglas y pol\u00edticas generales que rigen su uso en nuestro sitio web. Dependiendo de sus actividades al visitar nuestro sitio web, es posible que deba aceptar t\u00e9rminos y condiciones adicionales.<\/p>\n<p><b>Visitantes del sitio web<\/b><\/p>\n<p>Como la mayor\u00eda de los operadores de sitios web, MARTINEZ BOUTIQUE ltd recopila informaci\u00f3n de identificaci\u00f3n no personal del tipo que los navegadores y servidores web suelen poner a disposici\u00f3n, como el tipo de navegador, la preferencia de idioma, el sitio de referencia y la fecha y hora de cada solicitud de visitante. El prop\u00f3sito de MARTINEZ BOUTIQUE ltd al recopilar informaci\u00f3n de identificaci\u00f3n no personal es comprender mejor c\u00f3mo los visitantes de MARTINEZ BOUTIQUE ltd utilizan su sitio web. De vez en cuando, MARTINEZ BOUTIQUE ltd puede divulgar informaci\u00f3n de identificaci\u00f3n no personal en su totalidad, por ejemplo, mediante la publicaci\u00f3n de un informe sobre las tendencias en el uso de su sitio web.<\/p>\n<p>MARTINEZ BOUTIQUE ltd tambi\u00e9n recopila informaci\u00f3n de identificaci\u00f3n personal como direcciones de Protocolo de Internet (IP) para los usuarios registrados y para los usuarios que dejan comentarios en las publicaciones del blog https:\/\/martinez-perfume.com\/en. MARTINEZ BOUTIQUE ltd solo divulga las direcciones IP de usuarios y comentaristas registrados bajo las mismas circunstancias en las que divulga informaci\u00f3n de identificaci\u00f3n personal tal y como se describe a continuaci\u00f3n.<\/p>\n<p><b>Recopilaci\u00f3n de Informaci\u00f3n de Identificaci\u00f3n Personal<\/b><\/p>\n<p>Ciertos visitantes de los sitios web de MARTINEZ BOUTIQUE ltd eligen interactuar con MARTINEZ BOUTIQUE ltd de formas que requieren que MARTINEZ BOUTIQUE ltd recopile informaci\u00f3n de identificaci\u00f3n personal. La cantidad y el tipo de informaci\u00f3n que recopila MARTINEZ BOUTIQUE ltd depende de la naturaleza de la interacci\u00f3n. Por ejemplo, pedimos a los visitantes que se registren en el blog https:\/\/martinez-perfume.com\/en que proporcionen un nombre de usuario y una direcci\u00f3n de correo electr\u00f3nico.<\/p>\n<p><b>Seguridad<\/b><\/p>\n<p>La seguridad de tu Informaci\u00f3n Personal es importante para nosotros, pero recuerde que ning\u00fan m\u00e9todo de transmisi\u00f3n a trav\u00e9s de Internet o m\u00e9todo de almacenamiento electr\u00f3nico es 100 % seguro. Si bien nos esforzamos por usar medios comercialmente aceptables para proteger su informaci\u00f3n personal, no podemos garantizar su seguridad absoluta.<\/p>\n<p><b>Publicidad<\/b><\/p>\n<p>Los anuncios que aparecen en nuestro sitio web pueden ser entregados a los usuarios por socios publicitarios, quienes pueden establecer cookies. Estas cookies permiten que el servidor de anuncios reconozca su ordenador cada vez que le env\u00edan un anuncio en linea para recopilar informaci\u00f3n sobre usted u otras personas que usen su ordenador. Esta informaci\u00f3n permite que las redes publicitarias, entre otras cosas, publiquen anuncios dirigidos que creen que ser\u00e1n de mayor inter\u00e9s para usted. Esta Pol\u00edtica de Privacidad cubre el uso de cookies por parte de MARTINEZ BOUTIQUE ltd y no cubre el uso de cookies por parte de ning\u00fan anunciante.<\/p>\n<p><b>Enlaces a P\u00e1ginas Externas<\/b><\/p>\n<p>Nuestro servicio puede contener enlaces a p\u00e1ginas externas que no est\u00e1n operadas por nosotros. Si hace clic en un enlace de un tercero, ser\u00e1 llevado a la p\u00e1gina de ese tercero. Le recomendamos encarecidamente que revise la Pol\u00edtica de Privacidad y los t\u00e9rminos y condiciones de cada sitio que visite.<\/p>\n<p>o tenemos control ni asumimos ninguna responsabilidad por el contenido, las pol\u00edticas de privacidad o las pr\u00e1cticas de sitios, productos o servicios de terceros.<\/p>\n<p><b>Estad\u00edsticas Agregadas<\/b><\/p>\n<p>MARTINEZ BOUTIQUE ltd puede recopilar estad\u00edsticas sobre el comportamiento de los visitantes de su sitio web. MARTINEZ BOUTIQUE ltd puede mostrar esa informaci\u00f3n p\u00fablicamente o proporcionarla a otros. Sin embargo, MARTINEZ BOUTIQUE ltd no divulgar\u00e1 su informaci\u00f3n de identificaci\u00f3n personal..<\/p>\n<p><b>Cookies<\/b><\/p>\n<p>Para enriquecer y perfeccionar su experiencia en l\u00ednea, MARTINEZ BOUTIQUE ltd utiliza \u201cCookies\u201d, tecnolog\u00edas y servicios similares proporcionados por otros para mostrar contenido personalizado, publicidad adecuada y almacenar sus preferencias en su ordenador.<\/p>\n<p>Una cookie es una cadena de informaci\u00f3n que un sitio web almacena en el ordenador de un visitante y que el navegador del visitante proporciona al sitio web cada vez que el visitante regresa. MARTINEZ BOUTIQUE ltd utiliza cookies para ayudar a MARTINEZ BOUTIQUE ltd a identificar y rastrear a los visitantes, su uso de https:\/\/martinez-perfume.com\/en y sus preferencias de acceso al sitio web. Los visitantes de MARTINEZ BOUTIQUE ltd que no deseen cookies en sus ordenadores deben configurar su navegador para rechazar las cookies antes de usar los sitios web de MARTINEZ BOUTIQUE ltd, con el inconveniente de que ciertas caracter\u00edsticas de los sitios web de MARTINEZ BOUTIQUE ltd puedan no funcionar correctamente sin la ayuda de cookies.<\/p>\n<p>Al continuar navegando en nuestro sitio web sin cambiar la configuraci\u00f3n de las cookies, usted reconoce y acepta el uso de cookies de MARTINEZ BOUTIQUE ltd.<\/p>\n<p><b>Comercio electr\u00f3nico<\/b><\/p>\n<p>Aquellos que participan en transacciones con MARTINEZ BOUTIQUE ltd, al comprar los servicios o productos de MARTINEZ BOUTIQUE ltd, deben proporcionar informaci\u00f3n adicional, incluyendo si fuera necesario la informaci\u00f3n personal y financiera requerida para procesar las transacciones. En cada caso, MARTINEZ BOUTIQUE ltd recopila dicha informaci\u00f3n solo en la medida en que sea necesario o apropiado para cumplir el prop\u00f3sito de la interacci\u00f3n del visitante con MARTINEZ BOUTIQUE ltd. MARTINEZ BOUTIQUE ltd no divulgar\u00e1 su informaci\u00f3n de identificaci\u00f3n personal salvo la que se describe a continuaci\u00f3n. Y los visitantes siempre pueden negarse a proporcionar informaci\u00f3n de identificaci\u00f3n personal, con la salvedad de que puede impedirles participar en determinadas actividades relacionadas con el sitio web.<\/p>\n<p><b>Cambios en la Pol\u00edtica de Privacidad<\/b><\/p>\n<p>Aunque es probable que la mayor\u00eda de los cambios sean menores, MARTINEZ BOUTIQUE ltd puede cambiar su Pol\u00edtica de Privacidad de vez en cuando a su entera discreci\u00f3n. MARTINEZ BOUTIQUE ltd anima a los visitantes a consultar con frecuencia esta p\u00e1gina para ver si hay cambios en su Pol\u00edtica de Privacidad. Su uso continuado de este sitio despu\u00e9s de cualquier cambio en esta Pol\u00edtica de privacidad constituir\u00e1 su aceptaci\u00f3n de dicho cambio.<\/p>\n<\/div>\n<\/div>\n<\/div>\n<\/div>\n<\/div>\n<\/div>\n<\/div>\n<\/section>\n<\/div>\n<p>[\/vc_column_text][\/vc_column][\/vc_row][vc_row][vc_column][vc_empty_space][\/vc_column][\/vc_row]<\/p>\n<\/section>","protected":false},"excerpt":{"rendered":"<p>[vc_row][vc_column][vc_column_text] Pol\u00edtica de Privacidad [\/vc_column_text][vc_column_text] Pol\u00edtica de Privacidad Bienvenido a nuestra Pol\u00edtica de Privacidad Su privacidad es importante para nosotros. MARTINEZ BOUTIQUE ltd se encuentra en: Bulgaria, blvd Pridunavski 20 7000 &#8211; Ruse , Bulgaria 447520642000 Es pol\u00edtica de MARTINEZ BOUTIQUE ltd el respetar su privacidad con respecto a cualquier informaci\u00f3n que podamos recopilar mientras &hellip;<\/p>\n","protected":false},"author":1,"featured_media":0,"parent":0,"menu_order":0,"comment_status":"closed","ping_status":"closed","template":"","meta":{"_acf_changed":false,"_monsterinsights_skip_tracking":false,"_monsterinsights_sitenote_active":false,"_monsterinsights_sitenote_note":"","_monsterinsights_sitenote_category":0,"footnotes":""},"acf":[],"aioseo_notices":[],"_links":{"self":[{"href":"https:\/\/martinez-perfume.com\/en\/wp-json\/wp\/v2\/pages\/32488"}],"collection":[{"href":"https:\/\/martinez-perfume.com\/en\/wp-json\/wp\/v2\/pages"}],"about":[{"href":"https:\/\/martinez-perfume.com\/en\/wp-json\/wp\/v2\/types\/page"}],"author":[{"embeddable":true,"href":"https:\/\/martinez-perfume.com\/en\/wp-json\/wp\/v2\/users\/1"}],"replies":[{"embeddable":true,"href":"https:\/\/martinez-perfume.com\/en\/wp-json\/wp\/v2\/comments?post=32488"}],"version-history":[{"count":3,"href":"https:\/\/martinez-perfume.com\/en\/wp-json\/wp\/v2\/pages\/32488\/revisions"}],"predecessor-version":[{"id":32669,"href":"https:\/\/martinez-perfume.com\/en\/wp-json\/wp\/v2\/pages\/32488\/revisions\/32669"}],"wp:attachment":[{"href":"https:\/\/martinez-perfume.com\/en\/wp-json\/wp\/v2\/media?parent=32488"}],"curies":[{"name":"wp","href":"https:\/\/api.w.org\/{rel}","templated":true}]}}