{"id":32452,"date":"2019-09-18T05:33:10","date_gmt":"2019-09-18T02:33:10","guid":{"rendered":"https:\/\/martinez-perfume.com\/en\/obshhi-usloviya\/"},"modified":"2021-07-20T18:15:40","modified_gmt":"2021-07-20T15:15:40","slug":"terminos-generales","status":"publish","type":"page","link":"https:\/\/martinez-perfume.com\/en\/terminos-generales\/?lang=es","title":{"rendered":"T\u00e9rminos generales"},"content":{"rendered":"<section class=\"wpb-content-wrapper\"><p>[vc_row][vc_column][\/vc_column][\/vc_row][vc_row][vc_column][vc_column_text]<\/p>\n<h2>Terminos y condiciones<\/h2>\n<p>Bienvenido a MARTINEZ-perfume!<\/p>\n<p>Estos t\u00e9rminos y condiciones describen las reglas y regulaciones para el uso del sitio web de MARTINEZ BOUTIQUE ltd, ubicado en\u00a0<strong>https:\/\/martinez-perfume.com\/en<\/strong><\/p>\n<p>Al acceder a este sitio web asumimos que acepta estos t\u00e9rminos y condiciones. No contin\u00fae usando MARTINEZ-perfume si no est\u00e1 de acuerdo con todos los t\u00e9rminos y condiciones establecidos en esta p\u00e1gina.<\/p>\n<p>La siguiente terminolog\u00eda se aplica a estos T\u00e9rminos y Condiciones, Declaraci\u00f3n de privacidad y Aviso de Exenci\u00f3n de Responsabilidad y a todos los Acuerdos: \u201cCliente\u201d, \u201cUsted\u201d y \u201cSu\u201d se refieren a usted, la persona que inicia sesi\u00f3n en este sitio web y cumple con los t\u00e9rminos y condiciones de la Compa\u00f1\u00eda. \u201cLa Compa\u00f1\u00eda\u201d, \u201cNosotros\u201d y \u201cNuestro\u201d se refiere a nuestra Compa\u00f1\u00eda. \u201cParte\u201d, \u201cPartes\u201d, o \u201cNosotros\u201d se refiere tanto al Cliente como a nosotros mismos. Todos los t\u00e9rminos se refieren a la oferta, aceptaci\u00f3n y consideraci\u00f3n del pago necesario para llevar a cabo el proceso de nuestra asistencia al Cliente de la manera m\u00e1s adecuada con el prop\u00f3sito expreso de satisfacer las necesidades del Cliente con respecto a la prestaci\u00f3n de los servicios declarados por la Compa\u00f1\u00eda, de acuerdo con y sujeto a la legislaci\u00f3n vigente de los Pa\u00edses Bajos. Cualquier uso de la terminolog\u00eda anterior u otras palabras en singular, plural, may\u00fasculas y\/o \u00e9l\/ella o ellos, se toman como intercambiables y, por lo tanto, se refieren a los mismos.<\/p>\n<h3>Cookies<\/h3>\n<p>Empleamos el uso de cookies. Al acceder a MARTINEZ-perfume, acepta utilizar cookies de acuerdo con la pol\u00edtica de privacidad de MARTINEZ BOUTIQUE ltd.<\/p>\n<p>La mayor\u00eda de los sitios web interactivos utilizan cookies para permitirnos recuperar los detalles del usuario en cada visita. Nuestro sitio web utiliza cookies para habilitar la funcionalidad de ciertas \u00e1reas para que les sea m\u00e1s sencillo a las personas que visitan nuestro sitio web. Algunos de nuestros socios publicitarios\/afiliados tambi\u00e9n pueden utilizar cookies.<\/p>\n<h3>Licencia<\/h3>\n<p>A menos que se indique lo contrario, MARTINEZ BOUTIQUE ltd i y\/o sus licenciantes poseen los derechos de propiedad intelectual de todo el material sobre MARTINEZ-perfume. Todos los derechos de propiedad intelectual est\u00e1n reservados. Puede acceder aqu\u00ed desde MARTINEZ-perfume para su uso personal sujeto a las restricciones establecidas en estos t\u00e9rminos y condiciones.<\/p>\n<p>No debe:<\/p>\n<ul>\n<li>Volver a publicar material de MARTINEZ-perfume<\/li>\n<li>Vender, alquilar o sublicenciar material de MARTINEZ-perfume<\/li>\n<li>Reproducir, duplicar o copiar material de MARTINEZ-perfume<\/li>\n<li>Redistribuir contenido de MARTINEZ-perfume<\/li>\n<\/ul>\n<p>Este Acuerdo tendr\u00e1 efecto a fecha de hoy.<\/p>\n<p>Partes de este sitio web ofrecen una oportunidad para que los usuarios publiquen e intercambien opiniones e informaci\u00f3n en ciertas \u00e1reas del sitio web. MARTINEZ BOUTIQUE ltd i no filtra, edita, publica o revisa los Comentarios antes de su presencia en el sitio web. Los comentarios no reflejan los puntos de vista y opiniones de MARTINEZ BOUTIQUE ltd i, sus agentes y\/o afiliados. Los comentarios reflejan los puntos de vista y opiniones de la persona que publica sus puntos de vista y opiniones. En la medida en que lo permitan las leyes aplicables, MARTINEZ BOUTIQUE ltd no ser\u00e1 responsable de los Comentarios o de cualquier responsabilidad, da\u00f1os o gastos causados y \/ o sufridos como resultado de cualquier uso y \/ o publicaci\u00f3n y \/ o apariencia de los Comentarios en este sitio web.<\/p>\n<p>MARTINEZ BOUTIQUE ltd i se reserva el derecho de monitorear todos los Comentarios y de eliminar los Comentarios que puedan considerarse inapropiados, ofensivos o que incumplan estos T\u00e9rminos y Condiciones.<\/p>\n<p>Usted garantiza y manifiesta que:<\/p>\n<ul>\n<li>Tiene derecho a publicar los Comentarios en nuestro sitio web y tiene todas las licencias y consentimientos necesarios para hacerlo;<\/li>\n<li>Los Comentarios no invaden ning\u00fan derecho de propiedad intelectual, incluidos, entre otros, los derechos de autor, patentes o marcas comerciales de terceros;<\/li>\n<li>os Comentarios no contienen ning\u00fan material difamatorio, calumnioso, ofensivo, indecente o ilegal que sea una invasi\u00f3n de la privacidad.<\/li>\n<li>Los comentarios no se utilizar\u00e1n para solicitar o promover negocios o actividades comerciales personalizadas o presentes o actividades ilegales.<\/li>\n<\/ul>\n<p>Por la presente, otorga a MARTINEZ BOUTIQUE ltd i una licencia no exclusiva para usar, reproducir, editar y autorizar a otros a usar, reproducir y editar cualquiera de sus Comentarios en cualquiera y todas las formas, formatos o medios.<\/p>\n<h3>Hiperv\u00ednculos a nuestro contenido<\/h3>\n<p>Las siguientes organizaciones pueden vincularse a nuestro sitio web sin aprobaci\u00f3n previa por escrito:<\/p>\n<ul>\n<li>Agencias gubernamentales;<\/li>\n<li>Motores de b\u00fasqueda;<\/li>\n<li>Agencias de informaci\u00f3n;<\/li>\n<li>Los distribuidores de directorios en l\u00ednea pueden enlazar a nuestro sitio web de la misma manera que hacen hiperv\u00ednculos a los otros sitios web de otras empresas que figuran en la lista; y<\/li>\n<li>Empresas Acreditadas de todo el Sistema, exceptuando las organizaciones sin fines de lucro, los centros comerciales de caridad y los grupos de recaudaci\u00f3n de fondos de caridad que no pueden hacer hiperv\u00ednculos a nuestro sitio web.<\/li>\n<\/ul>\n<p>Estas organizaciones pueden enlazar a nuestra p\u00e1gina de inicio, a publicaciones o a otra informaci\u00f3n del sitio web siempre que el enlace: (a) no sea enga\u00f1oso de ninguna manera; (b) no implica falsamente patrocinio, respaldo o aprobaci\u00f3n de la parte vinculante y sus productos y \/ o servicios; y (c) encaja en el contexto del sitio de la parte vinculante.<\/p>\n<p>Podemos considerar y aprobar otras solicitudes de enlaces de los siguientes tipos de organizaciones:<\/p>\n<ul>\n<li>Fuentes de informaci\u00f3n de consumidores y \/ o empresas com\u00fanmente conocidas;<\/li>\n<li>Sitios de la comunidad dot.com<\/li>\n<li>Asociaciones u otros grupos que representan organizaciones ben\u00e9ficas<\/li>\n<li>Distribuidores de directorios en l\u00ednea<\/li>\n<li>Portales de Internet<\/li>\n<li>Empresas de contabilidad, derecho y consultor\u00eda<\/li>\n<li>Instituciones educativas y asociaciones comerciales.<\/li>\n<\/ul>\n<p>Aprobaremos las solicitudes de enlace de estas organizaciones si decidimos que: (a) el enlace no nos har\u00eda vernos desfavorablemente a nosotros mismos ni a nuestras empresas acreditadas; (b) la organizaciones no tiene registros negativos con nosotros; (c) el beneficio para nosotros de la visibilidad del hiperv\u00ednculo compensa la ausencia de MARTINEZ BOUTIQUE ltd i; y (d) el enlace est\u00e1 en el contexto de informaci\u00f3n general de recursos.<\/p>\n<p>Estas organizaciones pueden enlazar a nuestra p\u00e1gina de inicio, siempre que el enlace: (a) no sea enga\u00f1oso de ninguna manera; (b) no implica falsamente patrocinio, respaldo o aprobaci\u00f3n de la parte vinculante y sus productos o servicios; y (c) encaja en el contexto del sitio de la parte vinculante.<\/p>\n<p>Si usted es una de las organizaciones enumeradas en p\u00e1rrafo 2 anterior y est\u00e1 interesado en vincularse a nuestro sitio web, debe informarnos enviando un correo electr\u00f3nico a MARTINEZ BOUTIQUE ltd i. Incluya su nombre, el nombre de si organizaci\u00f3n, la informaci\u00f3n de contacto, as\u00ed como la URL de su sitio, una lista de las URL desde las que tiene la intenci\u00f3n de vincular a nuestro sitio web y una lista de las URL de nuestro sitio que le gustar\u00eda enlazar. Espere de 2 a 3 semanas a que le respondamos<\/p>\n<p>Las organizaciones autorizadas pueden hacer hiperv\u00ednculos a nuestro sitio web de la siguiente manera:<\/p>\n<ul>\n<li>Mediante el uso de nuestro nombre de empresa<\/li>\n<li>Mediante el uso del localizador uniforme de recursos al que se vincula<\/li>\n<li>Mediante el uso de cualquier otra descripci\u00f3n de nuestro sitio web al que est\u00e9 vinculado que tenga sentido dentro del contexto y formato del contenido en el sitio de la parte vinculante.<\/li>\n<\/ul>\n<p>No se permitir\u00e1 el uso del logotipo de MARTINEZ BOUTIQUE ltd i u otra obra de arte para vincular sin un acuerdo de licencia de marca registrada.<\/p>\n<h3>iFrames<\/h3>\n<p>Sin la aprobaci\u00f3n previa y el permiso por escrito, no puede crear im\u00e1genes alrededor de nuestras p\u00e1ginas que alteren de cualquier forma la representaci\u00f3n visual o apariencia de nuestra p\u00e1gina web.<\/p>\n<h3>Responsabilidad del contenido<\/h3>\n<p>No seremos responsables de ning\u00fan contenido que aparezca en su sitio web. Usted acepta protegernos y defendernos contra todas las reclamaciones que surjan en su sitio web. Ning\u00fan enlace (s) debe aparecer en ning\u00fan sitio web que pueda ser interpretado como difamatorio, obsceno o criminal; o que infrinja, de otra manera viole o defienda la infracci\u00f3n u otra violaci\u00f3n de los derechos de terceros.<\/p>\n<h3>Privacidad<\/h3>\n<p>Por favor, lea nuestra Pol\u00edtica de Privacidad<\/p>\n<h3>Derechos reservados<\/h3>\n<p>Nos reservamos el derecho de solicitar que elimine todos los enlaces o cualquier enlace en particular de nuestro sitio web. Usted aprueba eliminar de inmediato todos los enlaces a nuestro sitio web cuando se solicite. Tambi\u00e9n nos reservamos el derecho de modificar estos t\u00e9rminos y condiciones y su pol\u00edtica de vinculaci\u00f3n en cualquier momento. Al vincular continuamente a nuestro sitio web, usted acepta estar vinculado y seguir estos t\u00e9rminos y condiciones de vinculaci\u00f3n.<\/p>\n<h3>Eliminaci\u00f3n de enlaces de nuestro sitio web<\/h3>\n<p>Si encuentra alg\u00fan enlace en nuestro sitio web que sea ofensivo por cualquier motivo, puede contactarnos e informarnos en cualquier momento. Consideraremos las solicitudes para eliminar enlaces, pero no estamos obligados a hacerlo ni a responderle directamente.<\/p>\n<p>No nos aseguramos de que la informaci\u00f3n en este sitio web sea correcta, no garantizamos su integridad o exactitud; tampoco nos comprometemos a garantizar que el sitio web permanezca disponible o que el material en el sitio web se mantenga actualizado.<\/p>\n<h3>Renuncia de responsabilidad<\/h3>\n<p>En la medida m\u00e1xima permitida por la ley aplicable, excluimos todas las representaciones, garant\u00edas y condiciones relacionadas con nuestro sitio web y el uso de este sitio web. Nada en esta renuncia de responsabilidad:<\/p>\n<ul>\n<li>Limita o excluye nuestra responsabilidad o la suya por muerte o lesiones personales;<\/li>\n<li>Limita o excluye nuestra responsabilidad o la suya por fraude o tergiversaci\u00f3n fraudulenta<\/li>\n<li>Limitar cualquiera de nuestras responsabilidades o las suyas de cualquier manera que no est\u00e9 permitida por la ley aplicable<\/li>\n<li>Excluir cualquiera de nuestras responsabilidades o las suyas que no puedan estar excluidas seg\u00fan la ley aplicable<\/li>\n<\/ul>\n<p>Las limitaciones y prohibiciones de responsabilidad establecidas en esta Secci\u00f3n y en otras partes de esta renuncia de responsabilidad: (a) est\u00e1n sujetas al p\u00e1rrafo anterior; y (b) regir\u00e1 todas las responsabilidades que surjan en virtud de la exenci\u00f3n de responsabilidad, incluidas las responsabilidades que surjan en el contrato, en agravio y por incumplimiento de la obligaci\u00f3n legal.<\/p>\n<p>Siempre que el sitio web y la informaci\u00f3n y los servicios en el sitio web se proporcionen de forma gratuita, no seremos responsables de ninguna p\u00e9rdida o da\u00f1o de cualquier naturaleza.[\/vc_column_text][vc_empty_space][\/vc_column][\/vc_row]<\/p>\n<\/section>","protected":false},"excerpt":{"rendered":"<p>[vc_row][vc_column][\/vc_column][\/vc_row][vc_row][vc_column][vc_column_text] Terminos y condiciones Bienvenido a MARTINEZ-perfume! Estos t\u00e9rminos y condiciones describen las reglas y regulaciones para el uso del sitio web de MARTINEZ BOUTIQUE ltd, ubicado en\u00a0https:\/\/martinez-perfume.com\/en Al acceder a este sitio web asumimos que acepta estos t\u00e9rminos y condiciones. No contin\u00fae usando MARTINEZ-perfume si no est\u00e1 de acuerdo con todos los t\u00e9rminos y &hellip;<\/p>\n","protected":false},"author":2,"featured_media":0,"parent":0,"menu_order":0,"comment_status":"closed","ping_status":"closed","template":"","meta":{"_acf_changed":false,"_monsterinsights_skip_tracking":false,"_monsterinsights_sitenote_active":false,"_monsterinsights_sitenote_note":"","_monsterinsights_sitenote_category":0,"footnotes":""},"acf":[],"aioseo_notices":[],"_links":{"self":[{"href":"https:\/\/martinez-perfume.com\/en\/wp-json\/wp\/v2\/pages\/32452"}],"collection":[{"href":"https:\/\/martinez-perfume.com\/en\/wp-json\/wp\/v2\/pages"}],"about":[{"href":"https:\/\/martinez-perfume.com\/en\/wp-json\/wp\/v2\/types\/page"}],"author":[{"embeddable":true,"href":"https:\/\/martinez-perfume.com\/en\/wp-json\/wp\/v2\/users\/2"}],"replies":[{"embeddable":true,"href":"https:\/\/martinez-perfume.com\/en\/wp-json\/wp\/v2\/comments?post=32452"}],"version-history":[{"count":6,"href":"https:\/\/martinez-perfume.com\/en\/wp-json\/wp\/v2\/pages\/32452\/revisions"}],"predecessor-version":[{"id":33392,"href":"https:\/\/martinez-perfume.com\/en\/wp-json\/wp\/v2\/pages\/32452\/revisions\/33392"}],"wp:attachment":[{"href":"https:\/\/martinez-perfume.com\/en\/wp-json\/wp\/v2\/media?parent=32452"}],"curies":[{"name":"wp","href":"https:\/\/api.w.org\/{rel}","templated":true}]}}