{"id":32397,"date":"2019-09-18T05:47:09","date_gmt":"2019-09-18T05:47:09","guid":{"rendered":"https:\/\/martinez-perfume.com\/en\/franchise\/"},"modified":"2021-07-07T17:29:04","modified_gmt":"2021-07-07T14:29:04","slug":"franchise","status":"publish","type":"page","link":"https:\/\/martinez-perfume.com\/en\/franchise\/?lang=es","title":{"rendered":"Franchise"},"content":{"rendered":"<section class=\"wpb-content-wrapper\"><p>[vc_row][vc_column][vc_images_carousel images=&#8221;32401,32400&#8243; img_size=&#8221;full&#8221;][\/vc_column][\/vc_row][vc_row][vc_column][vc_empty_space][vc_column_text]<\/p>\n<div>\n<p id=\"tw-target-text\" class=\"tw-data-text tw-text-large tw-ta\" dir=\"ltr\" data-placeholder=\"Translation\">La oferta de franquicia es v\u00e1lida para cualquier pa\u00eds de la Uni\u00f3n Europea.<\/p>\n<p class=\"tw-data-text tw-text-large tw-ta\" dir=\"ltr\" data-placeholder=\"Translation\"><span lang=\"en\">&#x2714;&#xfe0f; Sin tarifa de franquicia inicial! <\/span><\/p>\n<p class=\"tw-data-text tw-text-large tw-ta\" dir=\"ltr\" data-placeholder=\"Translation\"><span lang=\"en\">&#x2714;&#xfe0f; Sin tarifas mensuales!<\/span><\/p>\n<p class=\"tw-data-text tw-text-large tw-ta\" dir=\"ltr\" data-placeholder=\"Translation\"><span lang=\"en\">&#x2714;&#xfe0f; Sin porcentaje de facturaci\u00f3n!<\/span><\/p>\n<p class=\"tw-data-text tw-text-large tw-ta\" dir=\"ltr\" data-placeholder=\"Translation\"><span lang=\"en\">&#x2714;&#xfe0f; Acuerdo sin condiciones ocultas!<\/span><\/p>\n<\/div>\n<div><\/div>\n<div><strong>MARTINEZ Boutiques Bulgaria are<\/strong> Le ofrece volverse parte de un negocio de franquicias de perfumes de r\u00e1pido crecimiento. Uno de los pocos negocios en los que el periodo de reembolso es de aproximadamente 9 meses.<\/div>\n<div><strong>MARTINEZ perfume<\/strong>\u00a0es un fabricante de m\u00e1s de 400 tipos de perfumes para hombres y mujeres, velas arom\u00e1ticas y fragancias para autom\u00f3viles y hogares \/ oficinas. La empresa se estableci\u00f3 en 2014 con sede en Ruse, en 2016 comenz\u00f3 a establecer su propia l\u00ednea de productos en boutiques y tiendas con la marca\u00a0<strong>MARTINEZ.<\/strong><\/div>\n<div>\n<p id=\"tw-target-text\" class=\"tw-data-text tw-text-large tw-ta\" dir=\"ltr\" data-placeholder=\"Translation\">La empresa est\u00e1 certificada por el Ministerio de Salud de Bulgaria. Produce m\u00e1s de 400 tipos diferentes de fragancias y productos perfumados con una fragancia duradera y excepcional \u2013\u00a0<strong>de 8-12 horas.<\/strong><\/p>\n<p>Cuando creamos perfumes, se siguen de forma estricta las reglas de la Asociaci\u00f3n Internacional de Perfumes \u00a0<strong>IFRA.<\/strong> Los productos se fabrican en la propia f\u00e1brica de la empresa en la ciudad de Ruse.<\/p>\n<\/div>\n<p id=\"tw-target-text\" class=\"tw-data-text tw-text-large tw-ta\" dir=\"ltr\" data-placeholder=\"Translation\">La marca\u00a0<strong>MARTINEZ<\/strong>\u00a0es una de las l\u00edderes en el sector del perfume. En\u00a0<strong>Bulgaria\u00a0<\/strong>la empresa dispone de una franquicia con m\u00e1s de 10 socios. El franquiciador ayuda a sus socios a elegir la ubicaci\u00f3n adecuada, la selecci\u00f3n y entrenamiento del personal y un proyecto de decoraci\u00f3n de la boutique, un proyecto bien conocido entre los clientes.<\/p>\n<p id=\"tw-target-text\" class=\"tw-data-text tw-text-large tw-ta\" dir=\"ltr\" data-placeholder=\"Translation\">Recibir\u00e1 formaci\u00f3n inicial y formaci\u00f3n peri\u00f3dica, debido a que la marca desarrolla de forma constante y din\u00e1mica productos nuevos como perfumes y fragancias.<\/p>\n<p>Los franquiciados reciben apoyo total de <strong>MARTINEZ PERFUME!<\/strong><\/p>\n<div>Brindaremos una oportunidad para una soluci\u00f3n comercial completa; materiales publicitarios, letreros luminosos fabricados para todo tipo de punto de venta, muebles elegantes con el mismo dise\u00f1o conceptual para las boutiques, bolsas de papel que conjunten con la venta, blenders (pruebas de fragancias) con precios PREFERENCIALES y SUBSIDIADOS.<\/div>\n<div><strong>\u041cARTINEZ perfume<\/strong>\u00a0est\u00e1 buscando franquiciados en toda la Uni\u00f3n Europea para desarrollar su red de tiendas en sus lugares de origen. La ubicaci\u00f3n perfecta es un lugar animado con un gran flujo de personas, con un expositor de no menos de 3 metros. Y un \u00e1rea de entre 15 a 25 metros cuadrados. Es importante para nuestra empresa que solo se ofrezcan productos de <strong>MARTINEZ Perfume.<\/strong><\/div>\n<div><\/div>\n<div><\/div>\n<p>[\/vc_column_text][\/vc_column][\/vc_row][vc_row][vc_column][vc_empty_space][vc_column_text]<\/p>\n<h2 style=\"text-align: center;\">Convi\u00e9rtase en nuestro socio<\/h2>\n<p>[\/vc_column_text][\/vc_column][\/vc_row][vc_row][vc_column][vc_column_text]\n<div class=\"wpcf7 no-js\" id=\"wpcf7-f32480-o1\" lang=\"bg-BG\" dir=\"ltr\">\n<div class=\"screen-reader-response\"><p role=\"status\" aria-live=\"polite\" aria-atomic=\"true\"><\/p> <ul><\/ul><\/div>\n<form action=\"\/en\/wp-json\/wp\/v2\/pages\/32397#wpcf7-f32480-o1\" method=\"post\" class=\"wpcf7-form init\" aria-label=\"\u0424\u043e\u0440\u043c\u0443\u043b\u044f\u0440 \u0437\u0430 \u043a\u043e\u043d\u0442\u0430\u043a\u0442\" novalidate=\"novalidate\" data-status=\"init\">\n<div style=\"display: none;\">\n<input type=\"hidden\" name=\"_wpcf7\" value=\"32480\" \/>\n<input type=\"hidden\" name=\"_wpcf7_version\" value=\"5.9.2\" \/>\n<input type=\"hidden\" name=\"_wpcf7_locale\" value=\"bg_BG\" \/>\n<input type=\"hidden\" name=\"_wpcf7_unit_tag\" value=\"wpcf7-f32480-o1\" \/>\n<input type=\"hidden\" name=\"_wpcf7_container_post\" value=\"0\" \/>\n<input type=\"hidden\" name=\"_wpcf7_posted_data_hash\" value=\"\" \/>\n<\/div>\n<p><label> Su nombre (Obligatorio)<br \/>\n<span class=\"wpcf7-form-control-wrap\" data-name=\"your-name\"><input size=\"40\" class=\"wpcf7-form-control wpcf7-text wpcf7-validates-as-required\" aria-required=\"true\" aria-invalid=\"false\" value=\"\" type=\"text\" name=\"your-name\" \/><\/span> <\/label>\n<\/p>\n<p><label> Lugar de residencia (Obligatorio)<br \/>\n<span class=\"wpcf7-form-control-wrap\" data-name=\"Region\"><input size=\"40\" class=\"wpcf7-form-control wpcf7-text wpcf7-validates-as-required\" aria-required=\"true\" aria-invalid=\"false\" value=\"\" type=\"text\" name=\"Region\" \/><\/span> <\/label>\n<\/p>\n<p><label> Su correo electr\u00f3nico (Obligatorio)<br \/>\n<span class=\"wpcf7-form-control-wrap\" data-name=\"your-email\"><input size=\"40\" class=\"wpcf7-form-control wpcf7-email wpcf7-validates-as-required wpcf7-text wpcf7-validates-as-email\" aria-required=\"true\" aria-invalid=\"false\" value=\"\" type=\"email\" name=\"your-email\" \/><\/span> <\/label>\n<\/p>\n<p><label> Acerca de nosotros<br \/>\n<span class=\"wpcf7-form-control-wrap\" data-name=\"your-subject\"><input size=\"40\" class=\"wpcf7-form-control wpcf7-text\" aria-invalid=\"false\" value=\"\" type=\"text\" name=\"your-subject\" \/><\/span> <\/label>\n<\/p>\n<p><label> por qu\u00e9 deber\u00edamos elegirle? (Su texto aqu\u00ed)?<br \/>\n<span class=\"wpcf7-form-control-wrap\" data-name=\"your-message\"><textarea cols=\"40\" rows=\"10\" class=\"wpcf7-form-control wpcf7-textarea\" aria-invalid=\"false\" name=\"your-message\"><\/textarea><\/span> <\/label>\n<\/p>\n<p><input class=\"wpcf7-form-control wpcf7-submit has-spinner\" type=\"submit\" value=\"Enviar\" \/>\n<\/p><div class=\"wpcf7-response-output\" aria-hidden=\"true\"><\/div>\n<\/form>\n<\/div>\n[\/vc_column_text][\/vc_column][\/vc_row][vc_row][vc_column][\/vc_column][\/vc_row][vc_row][vc_column][\/vc_column][\/vc_row]<\/p>\n<\/section>","protected":false},"excerpt":{"rendered":"<p>[vc_row][vc_column][vc_images_carousel images=&#8221;32401,32400&#8243; img_size=&#8221;full&#8221;][\/vc_column][\/vc_row][vc_row][vc_column][vc_empty_space][vc_column_text] La oferta de franquicia es v\u00e1lida para cualquier pa\u00eds de la Uni\u00f3n Europea. &#x2714;&#xfe0f; Sin tarifa de franquicia inicial! &#x2714;&#xfe0f; Sin tarifas mensuales! &#x2714;&#xfe0f; Sin porcentaje de facturaci\u00f3n! &#x2714;&#xfe0f; Acuerdo sin condiciones ocultas! MARTINEZ Boutiques Bulgaria are Le ofrece volverse parte de un negocio de franquicias de perfumes de r\u00e1pido crecimiento. Uno &hellip;<\/p>\n","protected":false},"author":2,"featured_media":0,"parent":0,"menu_order":0,"comment_status":"closed","ping_status":"closed","template":"","meta":{"_acf_changed":false,"_monsterinsights_skip_tracking":false,"_monsterinsights_sitenote_active":false,"_monsterinsights_sitenote_note":"","_monsterinsights_sitenote_category":0,"footnotes":""},"acf":[],"aioseo_notices":[],"_links":{"self":[{"href":"https:\/\/martinez-perfume.com\/en\/wp-json\/wp\/v2\/pages\/32397"}],"collection":[{"href":"https:\/\/martinez-perfume.com\/en\/wp-json\/wp\/v2\/pages"}],"about":[{"href":"https:\/\/martinez-perfume.com\/en\/wp-json\/wp\/v2\/types\/page"}],"author":[{"embeddable":true,"href":"https:\/\/martinez-perfume.com\/en\/wp-json\/wp\/v2\/users\/2"}],"replies":[{"embeddable":true,"href":"https:\/\/martinez-perfume.com\/en\/wp-json\/wp\/v2\/comments?post=32397"}],"version-history":[{"count":5,"href":"https:\/\/martinez-perfume.com\/en\/wp-json\/wp\/v2\/pages\/32397\/revisions"}],"predecessor-version":[{"id":32481,"href":"https:\/\/martinez-perfume.com\/en\/wp-json\/wp\/v2\/pages\/32397\/revisions\/32481"}],"wp:attachment":[{"href":"https:\/\/martinez-perfume.com\/en\/wp-json\/wp\/v2\/media?parent=32397"}],"curies":[{"name":"wp","href":"https:\/\/api.w.org\/{rel}","templated":true}]}}