{"id":32378,"date":"2015-08-12T12:27:19","date_gmt":"2015-08-12T09:27:19","guid":{"rendered":"https:\/\/martinez-perfume.com\/en\/about-2\/"},"modified":"2021-07-09T13:49:36","modified_gmt":"2021-07-09T10:49:36","slug":"sobre-nosotros","status":"publish","type":"page","link":"https:\/\/martinez-perfume.com\/en\/sobre-nosotros\/?lang=es","title":{"rendered":"Sobre nosotros"},"content":{"rendered":"<section class=\"wpb-content-wrapper\"><p>[vc_row type=&#8221;boxed&#8221;][vc_column][vc_empty_space height=&#8221;43px&#8221;][vc_empty_space height=&#8221;24&#8243;][\/vc_column][\/vc_row][vc_row type=&#8221;boxed&#8221;][vc_column][vc_column_text]<strong>\u201cMARTINEZ perfume\u201d<\/strong> tiene el placer de ofrecer perfumes dentro de la categor\u00eda de \u201cPerfumes de Autor\u201d, seleccionados y fabricados bajo el estricto control de la \u201cBNAEOPC\u201d, embotellados y empaquetados con un cuidado, precisi\u00f3n y atenci\u00f3n de hasta el m\u00e1s m\u00ednimo detalle, junto a una rigurosa dedicaci\u00f3n para conseguir siempre unos resultados perfectos! Solo trabajamos con fabricantes franceses que usan composiciones de perfume de claro origen y cualidades caracter\u00edsticas, las cuales son reconocidas por los expertos en nuestros perfumes \u201c<strong>MARTINEZ perfume&#8221;.<\/strong>[\/vc_column_text][vc_empty_space height=&#8221;24&#8243;][\/vc_column][\/vc_row][vc_row type=&#8221;boxed&#8221;][vc_column width=&#8221;1\/2&#8243;][vc_column_text]<\/p>\n<div>La fragancia de larga duraci\u00f3n y la alta calidad de <strong>\u201cMARTINEZ perfume\u201d<\/strong>\u00a0est\u00e1n pensadas para impresionar el gusto de cualquier experto. Ofrecemos nuestra propia linea de perfumes tras que cada lote se someta a una mezcla y agitaci\u00f3n diaria, homogeneizando y madurando durante 30 a 45 d\u00edas junto a una filtraci\u00f3n precisa antes de su embotellado.<\/div>\n<div><\/div>\n<div>\u00a0 De esta manera logramos controlar las variables m\u00e1s importantes, las cuales son clave para la preparaci\u00f3n, calidad y duraci\u00f3n de cada perfume:<\/div>\n<div>\n<ul>\n<li>Base de perfume franc\u00e9s de alta calidad<\/li>\n<li>Cierta cantidad de \u201cComposici\u00f3n de perfume\u201d<\/li>\n<li>Maduraci\u00f3n de al menos 30 a 45 d\u00edas<\/li>\n<li>Filtraci\u00f3n precisa<\/li>\n<li>Almacenamiento de cada perfume en un ambiente controlado<\/li>\n<\/ul>\n<\/div>\n<div><\/div>\n<div>\u00a0 Nuestro objetivo es conseguir una clientela leal que est\u00e9n satisfechos con <strong>\u201cMARTINEZ perfume\u201d\u00a0<\/strong><\/div>\n<div><\/div>\n<p>[\/vc_column_text][vc_empty_space height=&#8221;24&#8243;][\/vc_column][vc_column width=&#8221;1\/2&#8243;][vc_single_image image=&#8221;32382&#8243; img_size=&#8221;full&#8221;][\/vc_column][\/vc_row][vc_row][vc_column][vc_empty_space][\/vc_column][\/vc_row]<\/p>\n<\/section>","protected":false},"excerpt":{"rendered":"<p>[vc_row type=&#8221;boxed&#8221;][vc_column][vc_empty_space height=&#8221;43px&#8221;][vc_empty_space height=&#8221;24&#8243;][\/vc_column][\/vc_row][vc_row type=&#8221;boxed&#8221;][vc_column][vc_column_text]\u201cMARTINEZ perfume\u201d tiene el placer de ofrecer perfumes dentro de la categor\u00eda de \u201cPerfumes de Autor\u201d, seleccionados y fabricados bajo el estricto control de la \u201cBNAEOPC\u201d, embotellados y empaquetados con un cuidado, precisi\u00f3n y atenci\u00f3n de hasta el m\u00e1s m\u00ednimo detalle, junto a una rigurosa dedicaci\u00f3n para conseguir siempre unos resultados &hellip;<\/p>\n","protected":false},"author":1,"featured_media":0,"parent":0,"menu_order":0,"comment_status":"closed","ping_status":"closed","template":"templates\/page-full.php","meta":{"_acf_changed":false,"_monsterinsights_skip_tracking":false,"_monsterinsights_sitenote_active":false,"_monsterinsights_sitenote_note":"","_monsterinsights_sitenote_category":0,"footnotes":""},"acf":[],"aioseo_notices":[],"_links":{"self":[{"href":"https:\/\/martinez-perfume.com\/en\/wp-json\/wp\/v2\/pages\/32378"}],"collection":[{"href":"https:\/\/martinez-perfume.com\/en\/wp-json\/wp\/v2\/pages"}],"about":[{"href":"https:\/\/martinez-perfume.com\/en\/wp-json\/wp\/v2\/types\/page"}],"author":[{"embeddable":true,"href":"https:\/\/martinez-perfume.com\/en\/wp-json\/wp\/v2\/users\/1"}],"replies":[{"embeddable":true,"href":"https:\/\/martinez-perfume.com\/en\/wp-json\/wp\/v2\/comments?post=32378"}],"version-history":[{"count":6,"href":"https:\/\/martinez-perfume.com\/en\/wp-json\/wp\/v2\/pages\/32378\/revisions"}],"predecessor-version":[{"id":32686,"href":"https:\/\/martinez-perfume.com\/en\/wp-json\/wp\/v2\/pages\/32378\/revisions\/32686"}],"wp:attachment":[{"href":"https:\/\/martinez-perfume.com\/en\/wp-json\/wp\/v2\/media?parent=32378"}],"curies":[{"name":"wp","href":"https:\/\/api.w.org\/{rel}","templated":true}]}}